{"id":14980,"date":"2023-01-23T12:18:50","date_gmt":"2023-01-23T11:18:50","guid":{"rendered":"https:\/\/www.la-crete-autrement.com\/?page_id=14980"},"modified":"2023-01-23T12:18:52","modified_gmt":"2023-01-23T11:18:52","slug":"rechtliche-hinweise","status":"publish","type":"page","link":"https:\/\/www.la-crete-autrement.com\/de\/rechtliche-hinweise\/","title":{"rendered":"Rechtliche Hinweise"},"content":{"rendered":"\n<h2 class=\"wp-block-heading\">Herausgeber der Seite<\/h2>\n\n\n\n<p>Alexandre ROBERT<\/p>\n\n\n\n<p>SIRET: 535 172 415 00023<\/p>\n\n\n\n<p>Mikrounternehmen mit Sitz in 48 rue Edouard Delanglade 13006 MARSEILLE<\/p>\n\n\n\n<h2 class=\"wp-block-heading\">Webhoster der Seite<\/h2>\n\n\n\n<p>OVH &#8211; 2 rue kellermann BP 80157 59053 ROUBAIX CEDEX 1 &#8211; Frankreich &#8211; www.ovh.com<\/p>\n\n\n\n<h2 class=\"wp-block-heading\">Inhalt und Informationen<\/h2>\n\n\n\n<p>Die Website www.la-crete-autrement.com stellt Inhalte zur Verf\u00fcgung, die zu Informationszwecken bereitgestellt werden und f\u00fcr die ausschlie\u00dflich der Autor verantwortlich ist.<\/p>\n\n\n\n<h2 class=\"wp-block-heading\">Urheberrechte<\/h2>\n\n\n\n<p>Die Vervielf\u00e4ltigung, Nutzung und Verwertung von Fotografien, Bildern, Karten, Texten, grafischen Gestaltungselementen und generell aller Ver\u00f6ffentlichungselemente der Website ist ohne vorherige Zustimmung des Autors untersagt. Die Nichtbeachtung dieses Verbots stellt eine F\u00e4lschung dar, f\u00fcr die der F\u00e4lscher zivil- und strafrechtlich haftbar gemacht werden kann.<\/p>\n\n\n\n<h2 class=\"wp-block-heading\">Bildnachweise<\/h2>\n\n\n\n<p>Die Vervielf\u00e4ltigung, Nutzung und Verwertung der auf der Website www.lesjoyeuxrecycleurs.com ver\u00f6ffentlichten Fotografien ist ohne vorherige Zustimmung des Urhebers untersagt.<\/p>\n\n\n\n<h2 class=\"wp-block-heading\">Hyperlinks<\/h2>\n\n\n\n<p>Das Vorhandensein von Hyperlinks, die auf andere Websites verweisen, stellt keine Garantie f\u00fcr die Qualit\u00e4t des Inhalts und die Funktionsf\u00e4higkeit dieser Websites dar. Der Autor ist nicht f\u00fcr den Inhalt dieser Seiten verantwortlich. Der Internetnutzer sollte diese Informationen mit den \u00fcblichen Vorsichtsma\u00dfnahmen verwenden.<\/p>\n\n\n\n<h2 class=\"wp-block-heading\">Google Analytics<\/h2>\n\n\n\n<p>Diese Website benutzt Google Analytics, einen Webanalysedienst der Google Inc. (&#8222;Google&#8220;). Google Analytics verwendet Cookies , d. h. Textdateien, die auf Ihrem Computer abgelegt werden, um der Website dabei zu helfen, die Nutzung der Website durch ihre Nutzer zu analysieren. Die von den Cookies erzeugten Daten \u00fcber Ihre Nutzung der Website (einschlie\u00dflich Ihrer IP-Adresse) werden von Google an Server in den USA \u00fcbertragen und dort gespeichert. Google wird diese Informationen benutzen, um Ihre Nutzung der Website auszuwerten, um Reports \u00fcber die Websiteaktivit\u00e4ten f\u00fcr die Websitebetreiber zusammenzustellen und um weitere mit der Websiteaktivit\u00e4t und der Internetnutzung verbundene Dienstleistungen zu erbringen. Google kann diese Daten an Dritte weitergeben, wenn dies gesetzlich vorgeschrieben ist oder wenn diese Dritten die Daten im Auftrag von Google verarbeiten, einschlie\u00dflich insbesondere des Herausgebers dieser Website. Google wird Ihre IP-Adresse nicht mit anderen Daten, die sich im Besitz von Google befinden, in Verbindung bringen. Sie k\u00f6nnen die Verwendung von Cookies deaktivieren, indem Sie die entsprechenden Einstellungen in Ihrem Browser w\u00e4hlen. Eine solche Deaktivierung k\u00f6nnte jedoch die Nutzung bestimmter Funktionen dieser Website verhindern. Durch die Nutzung dieser Website erkl\u00e4ren Sie sich mit der Bearbeitung der \u00fcber Sie erhobenen Daten durch Google in der zuvor beschriebenen Art und Weise und zu dem zuvor benannten Zweck einverstanden.<\/p>\n","protected":false},"excerpt":{"rendered":"<p>Herausgeber der Seite Alexandre ROBERT SIRET: 535 172 415 00023 Mikrounternehmen mit Sitz in 48 rue Edouard Delanglade 13006 MARSEILLE Webhoster der Seite OVH &#8211; 2 rue kellermann BP 80157 59053 ROUBAIX CEDEX 1 &#8211; Frankreich &#8211; www.ovh.com Inhalt und Informationen Die Website www.la-crete-autrement.com stellt Inhalte zur Verf\u00fcgung, die zu Informationszwecken bereitgestellt werden und f\u00fcr [&hellip;]<\/p>\n","protected":false},"author":2,"featured_media":0,"parent":0,"menu_order":0,"comment_status":"closed","ping_status":"closed","template":"","meta":{"footnotes":""},"class_list":["post-14980","page","type-page","status-publish"],"yoast_head":"<!-- This site is optimized with the Yoast SEO plugin v27.5 - https:\/\/yoast.com\/product\/yoast-seo-wordpress\/ -->\n<title>Rechtliche Hinweise<\/title>\n<meta name=\"robots\" content=\"index, follow, max-snippet:-1, max-image-preview:large, max-video-preview:-1\" \/>\n<link rel=\"canonical\" href=\"https:\/\/www.la-crete-autrement.com\/de\/rechtliche-hinweise\/\" \/>\n<meta property=\"og:locale\" content=\"de_DE\" \/>\n<meta property=\"og:type\" content=\"article\" \/>\n<meta property=\"og:title\" content=\"Rechtliche Hinweise\" \/>\n<meta property=\"og:description\" content=\"Herausgeber der Seite Alexandre ROBERT SIRET: 535 172 415 00023 Mikrounternehmen mit Sitz in 48 rue Edouard Delanglade 13006 MARSEILLE Webhoster der Seite OVH &#8211; 2 rue kellermann BP 80157 59053 ROUBAIX CEDEX 1 &#8211; Frankreich &#8211; www.ovh.com Inhalt und Informationen Die Website www.la-crete-autrement.com stellt Inhalte zur Verf\u00fcgung, die zu Informationszwecken bereitgestellt werden und f\u00fcr [&hellip;]\" \/>\n<meta property=\"og:url\" content=\"https:\/\/www.la-crete-autrement.com\/de\/rechtliche-hinweise\/\" \/>\n<meta property=\"og:site_name\" content=\"Cr\u00e8te Tourisme : Guide de Voyage\" \/>\n<meta property=\"article:modified_time\" content=\"2023-01-23T11:18:52+00:00\" \/>\n<meta name=\"twitter:card\" content=\"summary_large_image\" \/>\n<meta name=\"twitter:label1\" content=\"Gesch\u00e4tzte Lesezeit\" \/>\n\t<meta name=\"twitter:data1\" content=\"2\u00a0Minuten\" \/>\n<script type=\"application\/ld+json\" class=\"yoast-schema-graph\">{\"@context\":\"https:\\\/\\\/schema.org\",\"@graph\":[{\"@type\":\"WebPage\",\"@id\":\"https:\\\/\\\/www.la-crete-autrement.com\\\/de\\\/rechtliche-hinweise\\\/\",\"url\":\"https:\\\/\\\/www.la-crete-autrement.com\\\/de\\\/rechtliche-hinweise\\\/\",\"name\":\"Rechtliche Hinweise\",\"isPartOf\":{\"@id\":\"https:\\\/\\\/www.la-crete-autrement.com\\\/de\\\/#website\"},\"datePublished\":\"2023-01-23T11:18:50+00:00\",\"dateModified\":\"2023-01-23T11:18:52+00:00\",\"breadcrumb\":{\"@id\":\"https:\\\/\\\/www.la-crete-autrement.com\\\/de\\\/rechtliche-hinweise\\\/#breadcrumb\"},\"inLanguage\":\"de\",\"potentialAction\":[{\"@type\":\"ReadAction\",\"target\":[\"https:\\\/\\\/www.la-crete-autrement.com\\\/de\\\/rechtliche-hinweise\\\/\"]}]},{\"@type\":\"BreadcrumbList\",\"@id\":\"https:\\\/\\\/www.la-crete-autrement.com\\\/de\\\/rechtliche-hinweise\\\/#breadcrumb\",\"itemListElement\":[{\"@type\":\"ListItem\",\"position\":1,\"name\":\"Accueil\",\"item\":\"https:\\\/\\\/www.la-crete-autrement.com\\\/de\\\/blog-reisefuehrer-ueber-kreta\\\/\"},{\"@type\":\"ListItem\",\"position\":2,\"name\":\"Rechtliche Hinweise\"}]},{\"@type\":\"WebSite\",\"@id\":\"https:\\\/\\\/www.la-crete-autrement.com\\\/de\\\/#website\",\"url\":\"https:\\\/\\\/www.la-crete-autrement.com\\\/de\\\/\",\"name\":\"Cr\u00e8te Tourisme : Guide de Voyage\",\"description\":\"La Cr\u00e8te Autrement\",\"publisher\":{\"@id\":\"https:\\\/\\\/www.la-crete-autrement.com\\\/de\\\/#organization\"},\"potentialAction\":[{\"@type\":\"SearchAction\",\"target\":{\"@type\":\"EntryPoint\",\"urlTemplate\":\"https:\\\/\\\/www.la-crete-autrement.com\\\/de\\\/?s={search_term_string}\"},\"query-input\":{\"@type\":\"PropertyValueSpecification\",\"valueRequired\":true,\"valueName\":\"search_term_string\"}}],\"inLanguage\":\"de\"},{\"@type\":\"Organization\",\"@id\":\"https:\\\/\\\/www.la-crete-autrement.com\\\/de\\\/#organization\",\"name\":\"La Cr\u00e8te Autrement\",\"url\":\"https:\\\/\\\/www.la-crete-autrement.com\\\/de\\\/\",\"logo\":{\"@type\":\"ImageObject\",\"inLanguage\":\"de\",\"@id\":\"https:\\\/\\\/www.la-crete-autrement.com\\\/de\\\/#\\\/schema\\\/logo\\\/image\\\/\",\"url\":\"https:\\\/\\\/www.la-crete-autrement.com\\\/wp-content\\\/uploads\\\/2019\\\/04\\\/seitan-limania-plage.jpg\",\"contentUrl\":\"https:\\\/\\\/www.la-crete-autrement.com\\\/wp-content\\\/uploads\\\/2019\\\/04\\\/seitan-limania-plage.jpg\",\"width\":960,\"height\":539,\"caption\":\"La Cr\u00e8te Autrement\"},\"image\":{\"@id\":\"https:\\\/\\\/www.la-crete-autrement.com\\\/de\\\/#\\\/schema\\\/logo\\\/image\\\/\"}}]}<\/script>\n<!-- \/ Yoast SEO plugin. -->","yoast_head_json":{"title":"Rechtliche Hinweise","robots":{"index":"index","follow":"follow","max-snippet":"max-snippet:-1","max-image-preview":"max-image-preview:large","max-video-preview":"max-video-preview:-1"},"canonical":"https:\/\/www.la-crete-autrement.com\/de\/rechtliche-hinweise\/","og_locale":"de_DE","og_type":"article","og_title":"Rechtliche Hinweise","og_description":"Herausgeber der Seite Alexandre ROBERT SIRET: 535 172 415 00023 Mikrounternehmen mit Sitz in 48 rue Edouard Delanglade 13006 MARSEILLE Webhoster der Seite OVH &#8211; 2 rue kellermann BP 80157 59053 ROUBAIX CEDEX 1 &#8211; Frankreich &#8211; www.ovh.com Inhalt und Informationen Die Website www.la-crete-autrement.com stellt Inhalte zur Verf\u00fcgung, die zu Informationszwecken bereitgestellt werden und f\u00fcr [&hellip;]","og_url":"https:\/\/www.la-crete-autrement.com\/de\/rechtliche-hinweise\/","og_site_name":"Cr\u00e8te Tourisme : Guide de Voyage","article_modified_time":"2023-01-23T11:18:52+00:00","twitter_card":"summary_large_image","twitter_misc":{"Gesch\u00e4tzte Lesezeit":"2\u00a0Minuten"},"schema":{"@context":"https:\/\/schema.org","@graph":[{"@type":"WebPage","@id":"https:\/\/www.la-crete-autrement.com\/de\/rechtliche-hinweise\/","url":"https:\/\/www.la-crete-autrement.com\/de\/rechtliche-hinweise\/","name":"Rechtliche Hinweise","isPartOf":{"@id":"https:\/\/www.la-crete-autrement.com\/de\/#website"},"datePublished":"2023-01-23T11:18:50+00:00","dateModified":"2023-01-23T11:18:52+00:00","breadcrumb":{"@id":"https:\/\/www.la-crete-autrement.com\/de\/rechtliche-hinweise\/#breadcrumb"},"inLanguage":"de","potentialAction":[{"@type":"ReadAction","target":["https:\/\/www.la-crete-autrement.com\/de\/rechtliche-hinweise\/"]}]},{"@type":"BreadcrumbList","@id":"https:\/\/www.la-crete-autrement.com\/de\/rechtliche-hinweise\/#breadcrumb","itemListElement":[{"@type":"ListItem","position":1,"name":"Accueil","item":"https:\/\/www.la-crete-autrement.com\/de\/blog-reisefuehrer-ueber-kreta\/"},{"@type":"ListItem","position":2,"name":"Rechtliche Hinweise"}]},{"@type":"WebSite","@id":"https:\/\/www.la-crete-autrement.com\/de\/#website","url":"https:\/\/www.la-crete-autrement.com\/de\/","name":"Cr\u00e8te Tourisme : Guide de Voyage","description":"La Cr\u00e8te Autrement","publisher":{"@id":"https:\/\/www.la-crete-autrement.com\/de\/#organization"},"potentialAction":[{"@type":"SearchAction","target":{"@type":"EntryPoint","urlTemplate":"https:\/\/www.la-crete-autrement.com\/de\/?s={search_term_string}"},"query-input":{"@type":"PropertyValueSpecification","valueRequired":true,"valueName":"search_term_string"}}],"inLanguage":"de"},{"@type":"Organization","@id":"https:\/\/www.la-crete-autrement.com\/de\/#organization","name":"La Cr\u00e8te Autrement","url":"https:\/\/www.la-crete-autrement.com\/de\/","logo":{"@type":"ImageObject","inLanguage":"de","@id":"https:\/\/www.la-crete-autrement.com\/de\/#\/schema\/logo\/image\/","url":"https:\/\/www.la-crete-autrement.com\/wp-content\/uploads\/2019\/04\/seitan-limania-plage.jpg","contentUrl":"https:\/\/www.la-crete-autrement.com\/wp-content\/uploads\/2019\/04\/seitan-limania-plage.jpg","width":960,"height":539,"caption":"La Cr\u00e8te Autrement"},"image":{"@id":"https:\/\/www.la-crete-autrement.com\/de\/#\/schema\/logo\/image\/"}}]}},"_links":{"self":[{"href":"https:\/\/www.la-crete-autrement.com\/de\/wp-json\/wp\/v2\/pages\/14980","targetHints":{"allow":["GET"]}}],"collection":[{"href":"https:\/\/www.la-crete-autrement.com\/de\/wp-json\/wp\/v2\/pages"}],"about":[{"href":"https:\/\/www.la-crete-autrement.com\/de\/wp-json\/wp\/v2\/types\/page"}],"author":[{"embeddable":true,"href":"https:\/\/www.la-crete-autrement.com\/de\/wp-json\/wp\/v2\/users\/2"}],"replies":[{"embeddable":true,"href":"https:\/\/www.la-crete-autrement.com\/de\/wp-json\/wp\/v2\/comments?post=14980"}],"version-history":[{"count":2,"href":"https:\/\/www.la-crete-autrement.com\/de\/wp-json\/wp\/v2\/pages\/14980\/revisions"}],"predecessor-version":[{"id":15000,"href":"https:\/\/www.la-crete-autrement.com\/de\/wp-json\/wp\/v2\/pages\/14980\/revisions\/15000"}],"wp:attachment":[{"href":"https:\/\/www.la-crete-autrement.com\/de\/wp-json\/wp\/v2\/media?parent=14980"}],"curies":[{"name":"wp","href":"https:\/\/api.w.org\/{rel}","templated":true}]}}