{"id":17425,"date":"2023-07-04T16:54:31","date_gmt":"2023-07-04T14:54:31","guid":{"rendered":"https:\/\/www.la-crete-autrement.com\/?page_id=17425"},"modified":"2023-07-04T16:54:34","modified_gmt":"2023-07-04T14:54:34","slug":"heiraten-in-griechenland","status":"publish","type":"page","link":"https:\/\/www.la-crete-autrement.com\/de\/heiraten-in-griechenland\/","title":{"rendered":"Warum sollten Sie sich f\u00fcr eine Heirat in Griechenland entscheiden?"},"content":{"rendered":"\n<p>Willkommen in der makellos wei\u00dfen Welt der <strong>Hochzeiten in Griechenland<\/strong>, wo Ihre blauen Tr\u00e4ume zum Leben erweckt werden. Stellen Sie sich vor, Sie heiraten an den goldenen Sandstr\u00e4nden von <strong>Kreta<\/strong>, in der romantischen und malerischen Umgebung von <strong>Santorin<\/strong>, im verr\u00fcckten <strong>Mykonos<\/strong>, der Farbpalette von <strong>Rhodos <\/strong>oder in den \u00fcppigen G\u00e4rten von <strong>Korfu<\/strong>. Jedes dieser einzigartigen Reiseziele in Griechenland bietet eine atemberaubende Kulisse, um Ihre Liebe zu besiegeln.<\/p>\n\n\n\n<p>Denken Sie dar\u00fcber nach, <strong>in Griechenland<\/strong> zu heiraten? Dann m\u00fcssen wir reden&#8230;<\/p>\n\n\n\n<div style=\"height:30px\" aria-hidden=\"true\" class=\"wp-block-spacer\"><\/div>\n\n\n\n<div class=\"wp-block-buttons is-content-justification-center is-layout-flex wp-container-core-buttons-is-layout-16018d1d wp-block-buttons-is-layout-flex\">\n<div class=\"wp-block-button has-custom-font-size has-large-font-size\"><a class=\"wp-block-button__link has-pale-cyan-blue-background-color has-background\" href=\"https:\/\/www.la-crete-autrement.com\/de\/kontakt\/\" target=\"_blank\" rel=\"noreferrer noopener\"><strong><mark style=\"background-color:rgba(0, 0, 0, 0)\" class=\"has-inline-color has-white-color\">KONTAKTIEREN SIE UNS!<\/mark><\/strong><\/a><\/div>\n<\/div>\n\n\n\n<div style=\"height:32px\" aria-hidden=\"true\" class=\"wp-block-spacer\"><\/div>\n\n\n\n<h2 class=\"wp-block-heading\">Griechenland Hochzeit: Vereinen Sie sich unter dem wohlwollenden Blick von Zeus, Aphrodite und Apollon<\/h2>\n\n\n\n<p>Auf der Suche nach dem<strong>perfekten Hochzeitserlebnis in Griechenland<\/strong> sind wir da, um Sie zu f\u00fchren und Ihnen zu helfen, Ihre Tr\u00e4ume zu verwirklichen. Als Liebhaber der <a href=\"https:\/\/www.la-crete-autrement.com\/de\/welche-griechische-insel-besuchen-sie-im-jahr-2023\/\" target=\"_blank\" rel=\"noreferrer noopener\">griechischen Inseln<\/a> und des Landes ist es unser Ziel, Paare wie Sie mit vertrauensw\u00fcrdigen Hochzeitsplanern zusammenzubringen, die jeden Winkel Griechenlands genau kennen und bereit sind, eine einzigartige Feier nach Ihren Vorstellungen zu gestalten.<\/p>\n\n\n\n<h2 class=\"wp-block-heading\">Ihre ma\u00dfgeschneiderte Hochzeit in Griechenland<\/h2>\n\n\n\n<p>Wir verstehen, dass jedes Paar einzigartig ist, und bieten Ihnen daher einen pers\u00f6nlichen Service, bei dem wir Sie mit qualifizierten und erfahrenen Hochzeitsexperten zusammenbringen. Von der sorgf\u00e4ltigen Planung bis zur tadellosen Koordination des gro\u00dfen Tages werden Sie von leidenschaftlichen Fachleuten begleitet, die daf\u00fcr sorgen, dass <strong>jeder Moment Ihrer Hochzeit in Griechenland unvergesslich wird<\/strong>.<\/p>\n\n\n\n<figure class=\"wp-block-embed is-type-video is-provider-youtube wp-block-embed-youtube wp-embed-aspect-16-9 wp-has-aspect-ratio\"><div class=\"wp-block-embed__wrapper\">\n<iframe title=\"Dream Wedding - IOS | Greece\" width=\"1200\" height=\"675\" src=\"https:\/\/www.youtube.com\/embed\/DTjIQMBO7N0?feature=oembed\" frameborder=\"0\" allow=\"accelerometer; autoplay; clipboard-write; encrypted-media; gyroscope; picture-in-picture; web-share\" allowfullscreen><\/iframe>\n<\/div><\/figure>\n\n\n\n<h2 class=\"wp-block-heading\">G\u00f6nnen Sie sich (und Ihren G\u00e4sten) die sch\u00f6nste Hochzeit aller Zeiten!<\/h2>\n\n\n\n<p>Erkunden Sie die erhabenen Landschaften, probieren Sie die ber\u00fchmten kulinarischen K\u00f6stlichkeiten, tauchen Sie ein in die herzliche Gastfreundschaft und entdecken Sie den kulturellen Reichtum Griechenlands. Wir stellen Ihnen unser Netzwerk aus handverlesenen Partnern, exklusiven Hochzeitslocations, erstklassigem Catering, talentierten Fotografen und vielen anderen Dienstleistern zur Verf\u00fcgung, die Ihre Hochzeit zu einem au\u00dfergew\u00f6hnlichen Ereignis machen.<\/p>\n\n\n\n<h2 class=\"wp-block-heading\">Kontaktieren Sie uns und beginnen Sie mit der Projektion<\/h2>\n\n\n\n<p>Um mit der Gestaltung Ihrer Traumhochzeit in Griechenland zu beginnen, sollten Sie sich jetzt mit uns in Verbindung setzen. Wenn Sie unserer Community beitreten, profitieren Sie von unserem Fachwissen, unseren Tipps und exklusiven Empfehlungen, um ein einzigartiges Erlebnis zu schaffen, das Ihnen und Ihren Lieben f\u00fcr immer in Erinnerung bleiben wird.<\/p>\n\n\n\n<div style=\"height:36px\" aria-hidden=\"true\" class=\"wp-block-spacer\"><\/div>\n\n\n\n<div class=\"wp-block-buttons is-content-justification-center is-layout-flex wp-container-core-buttons-is-layout-16018d1d wp-block-buttons-is-layout-flex\">\n<div class=\"wp-block-button has-custom-font-size has-large-font-size\"><a class=\"wp-block-button__link has-pale-cyan-blue-background-color has-background\" href=\"https:\/\/www.la-crete-autrement.com\/de\/kontakt\/\" target=\"_blank\" rel=\"noreferrer noopener\"><strong><mark style=\"background-color:rgba(0, 0, 0, 0)\" class=\"has-inline-color has-white-color\">KONTAKTIEREN SIE UNS!<\/mark><\/strong><\/a><\/div>\n<\/div>\n\n\n\n<div style=\"height:36px\" aria-hidden=\"true\" class=\"wp-block-spacer\"><\/div>\n\n\n\n<h2 class=\"wp-block-heading\">Griechenland Hochzeit: Eine gastronomische und sensorische Erfahrung<\/h2>\n\n\n\n<p>Griechenland ist ber\u00fchmt f\u00fcr seine exquisite mediterrane K\u00fcche, und Ihre Hochzeit wird keine Ausnahme sein. Lassen Sie Ihre Geschmacksnerven die K\u00f6stlichkeiten der griechischen Gastronomie mit ihren frischen, lokalen Produkten, gewagten Aromen und jahrhundertealten kulinarischen Traditionen erkunden. Liebevoll zubereitete Delikatessen, himmlische Weine, die in Str\u00f6men flie\u00dfen, und Desserts, die Sie vom Hocker rei\u00dfen werden. Lassen Sie sich von diesem himmlischen gastronomischen Erlebnis mitrei\u00dfen, das alle Ihre Sinne verzaubern wird. Eine Feier der Sinne, bei der jeder Bissen Sie in die bet\u00f6renden Aromen Griechenlands entf\u00fchrt und Sie dazu einl\u00e4dt, jeden Moment Ihrer Hochzeit in perfekter Harmonie zwischen Essen, Kultur und geteilter Liebe zu genie\u00dfen.<\/p>\n\n\n\n<h2 class=\"wp-block-heading\">Griechische Hochzeitstraditionen<\/h2>\n\n\n\n<figure class=\"wp-block-gallery has-nested-images columns-default is-cropped wp-block-gallery-1 is-layout-flex wp-block-gallery-is-layout-flex\">\n<figure class=\"wp-block-image size-large\"><img fetchpriority=\"high\" decoding=\"async\" width=\"1200\" height=\"800\" data-id=\"102\" src=\"https:\/\/www.la-crete-autrement.com\/wp-content\/uploads\/2018\/12\/sirtaki.jpg\" alt=\"sirtaki\" class=\"wp-image-102\" srcset=\"https:\/\/www.la-crete-autrement.com\/wp-content\/uploads\/2018\/12\/sirtaki.jpg 1200w, https:\/\/www.la-crete-autrement.com\/wp-content\/uploads\/2018\/12\/sirtaki-300x200.jpg 300w, https:\/\/www.la-crete-autrement.com\/wp-content\/uploads\/2018\/12\/sirtaki-768x512.jpg 768w, https:\/\/www.la-crete-autrement.com\/wp-content\/uploads\/2018\/12\/sirtaki-1024x683.jpg 1024w, https:\/\/www.la-crete-autrement.com\/wp-content\/uploads\/2018\/12\/sirtaki-360x240.jpg 360w\" sizes=\"(max-width: 1200px) 100vw, 1200px\" \/><figcaption>\u00dcben Sie!<\/figcaption><\/figure>\n\n\n\n<figure class=\"wp-block-image size-large\"><img decoding=\"async\" width=\"728\" height=\"600\" data-id=\"4645\" src=\"https:\/\/www.la-crete-autrement.com\/wp-content\/uploads\/2022\/06\/dolma-cuisine-grecque.png\" alt=\"Wie kocht man Weinbl\u00e4tter?\" class=\"wp-image-4645\" srcset=\"https:\/\/www.la-crete-autrement.com\/wp-content\/uploads\/2022\/06\/dolma-cuisine-grecque.png 728w, https:\/\/www.la-crete-autrement.com\/wp-content\/uploads\/2022\/06\/dolma-cuisine-grecque-300x247.png 300w\" sizes=\"(max-width: 728px) 100vw, 728px\" \/><figcaption>Dolma<\/figcaption><\/figure>\n\n\n\n<figure class=\"wp-block-image size-large\"><img decoding=\"async\" width=\"666\" height=\"500\" data-id=\"4643\" src=\"https:\/\/www.la-crete-autrement.com\/wp-content\/uploads\/2022\/06\/souvlaki.png\" alt=\"Wie macht man ein Souvlaki?\" class=\"wp-image-4643\" srcset=\"https:\/\/www.la-crete-autrement.com\/wp-content\/uploads\/2022\/06\/souvlaki.png 666w, https:\/\/www.la-crete-autrement.com\/wp-content\/uploads\/2022\/06\/souvlaki-300x225.png 300w\" sizes=\"(max-width: 666px) 100vw, 666px\" \/><figcaption>Souvlaki<\/figcaption><\/figure>\n\n\n\n<figure class=\"wp-block-image size-large\"><img loading=\"lazy\" decoding=\"async\" width=\"811\" height=\"491\" data-id=\"4646\" src=\"https:\/\/www.la-crete-autrement.com\/wp-content\/uploads\/2022\/06\/salade-grecque.png\" alt=\"Wie macht man einen griechischen Salat?\" class=\"wp-image-4646\" srcset=\"https:\/\/www.la-crete-autrement.com\/wp-content\/uploads\/2022\/06\/salade-grecque.png 811w, https:\/\/www.la-crete-autrement.com\/wp-content\/uploads\/2022\/06\/salade-grecque-300x182.png 300w, https:\/\/www.la-crete-autrement.com\/wp-content\/uploads\/2022\/06\/salade-grecque-768x465.png 768w\" sizes=\"(max-width: 811px) 100vw, 811px\" \/><figcaption>Feta in H\u00fclle und F\u00fclle<\/figcaption><\/figure>\n<\/figure>\n\n\n\n<p>Sie werden es nicht verhindern k\u00f6nnen! Und schlie\u00dflich ist das auch der Grund, warum Sie sich f\u00fcr eine Eheschlie\u00dfung im Ausland entscheiden: Ihre Verbindung und Ihre Zeremonie mit lokalen Traditionen zu spicken.<\/p>\n\n\n\n<p>F\u00fcr eine unvergessliche Hochzeit im griechischen Stil erwartet Sie Folgendes :<\/p>\n\n\n\n<ul class=\"wp-block-list\"><li><strong>Der fr\u00f6hliche Sirtaki-Tanz<\/strong>: Bereiten Sie sich darauf vor, sich in die Kette der T\u00e4nzer einzureihen, indem Sie die H\u00e4nde halten und sich von der mitrei\u00dfenden Musik mitrei\u00dfen lassen. Vergessen Sie die Sch\u00fcchternheit und lassen Sie sich gehen!<\/li><li><strong>Zerbrechen Sie Teller<\/strong>, aber nicht Ihr Sparschwein: Eine lustige Tradition, bei der das Zerbrechen von Tellern Gl\u00fcck und Wohlstand bringt. Bereiten Sie sich darauf vor, Ihre Energie freizusetzen, indem Sie einige Splitter fliegen lassen.<\/li><li><strong>Eine kulinarische Orgie<\/strong>: Erwarten Sie eine Explosion mediterraner Aromen. Souvlaki, Dolmades, Baklava und vieles mehr. Ihre Geschmacksknospen werden nach mehr verlangen!<\/li><li><strong>Eine festliche Atmosph\u00e4re<\/strong>: In Griechenland wei\u00df man zu feiern! Bereiten Sie sich auf ein unvergessliches Fest vor, bei dem Freude und gute Laune herrschen. Oder der Raki regnet. Eine Feier, bei der Sie bis in die Nacht hinein tanzen und unvergessliche Erinnerungen schaffen.<\/li><\/ul>\n","protected":false},"excerpt":{"rendered":"<p>Willkommen in der makellos wei\u00dfen Welt der Hochzeiten in Griechenland, wo Ihre blauen Tr\u00e4ume zum Leben erweckt werden. Stellen Sie sich vor, Sie heiraten an den goldenen Sandstr\u00e4nden von Kreta, in der romantischen und malerischen Umgebung von Santorin, im verr\u00fcckten Mykonos, der Farbpalette von Rhodos oder in den \u00fcppigen G\u00e4rten von Korfu. Jedes dieser einzigartigen [&hellip;]<\/p>\n","protected":false},"author":2,"featured_media":17415,"parent":0,"menu_order":0,"comment_status":"closed","ping_status":"closed","template":"","meta":{"footnotes":""},"class_list":["post-17425","page","type-page","status-publish","has-post-thumbnail"],"yoast_head":"<!-- This site is optimized with the Yoast SEO plugin v27.5 - https:\/\/yoast.com\/product\/yoast-seo-wordpress\/ -->\n<title>Heiraten in Griechenland 2024: Tauschen Sie Ihre Gel\u00fcbde im Paradies aus!<\/title>\n<meta name=\"description\" content=\"Santorini, Mykonos, Kreta, Rhodos, Korfu... Die sch\u00f6nsten griechischen Inseln erwarten Sie f\u00fcr eine Traumhochzeit in Griechenland!\" \/>\n<meta name=\"robots\" content=\"index, follow, max-snippet:-1, max-image-preview:large, max-video-preview:-1\" \/>\n<link rel=\"canonical\" href=\"https:\/\/www.la-crete-autrement.com\/de\/heiraten-in-griechenland\/\" \/>\n<meta property=\"og:locale\" content=\"de_DE\" \/>\n<meta property=\"og:type\" content=\"article\" \/>\n<meta property=\"og:title\" content=\"Heiraten in Griechenland 2024: Tauschen Sie Ihre Gel\u00fcbde im Paradies aus!\" \/>\n<meta property=\"og:description\" content=\"Santorini, Mykonos, Kreta, Rhodos, Korfu... Die sch\u00f6nsten griechischen Inseln erwarten Sie f\u00fcr eine Traumhochzeit in Griechenland!\" \/>\n<meta property=\"og:url\" content=\"https:\/\/www.la-crete-autrement.com\/de\/heiraten-in-griechenland\/\" \/>\n<meta property=\"og:site_name\" content=\"Cr\u00e8te Tourisme : Guide de Voyage\" \/>\n<meta property=\"article:modified_time\" content=\"2023-07-04T14:54:34+00:00\" \/>\n<meta property=\"og:image\" content=\"https:\/\/www.la-crete-autrement.com\/wp-content\/uploads\/2023\/07\/mariage-grece.jpg\" \/>\n\t<meta property=\"og:image:width\" content=\"1147\" \/>\n\t<meta property=\"og:image:height\" content=\"768\" \/>\n\t<meta property=\"og:image:type\" content=\"image\/jpeg\" \/>\n<meta name=\"twitter:card\" content=\"summary_large_image\" \/>\n<meta name=\"twitter:label1\" content=\"Gesch\u00e4tzte Lesezeit\" \/>\n\t<meta name=\"twitter:data1\" content=\"5\u00a0Minuten\" \/>\n<script type=\"application\/ld+json\" class=\"yoast-schema-graph\">{\"@context\":\"https:\\\/\\\/schema.org\",\"@graph\":[{\"@type\":\"WebPage\",\"@id\":\"https:\\\/\\\/www.la-crete-autrement.com\\\/de\\\/heiraten-in-griechenland\\\/\",\"url\":\"https:\\\/\\\/www.la-crete-autrement.com\\\/de\\\/heiraten-in-griechenland\\\/\",\"name\":\"Heiraten in Griechenland 2024: Tauschen Sie Ihre Gel\u00fcbde im Paradies aus!\",\"isPartOf\":{\"@id\":\"https:\\\/\\\/www.la-crete-autrement.com\\\/de\\\/#website\"},\"primaryImageOfPage\":{\"@id\":\"https:\\\/\\\/www.la-crete-autrement.com\\\/de\\\/heiraten-in-griechenland\\\/#primaryimage\"},\"image\":{\"@id\":\"https:\\\/\\\/www.la-crete-autrement.com\\\/de\\\/heiraten-in-griechenland\\\/#primaryimage\"},\"thumbnailUrl\":\"https:\\\/\\\/www.la-crete-autrement.com\\\/wp-content\\\/uploads\\\/2023\\\/07\\\/mariage-grece.jpg\",\"datePublished\":\"2023-07-04T14:54:31+00:00\",\"dateModified\":\"2023-07-04T14:54:34+00:00\",\"description\":\"Santorini, Mykonos, Kreta, Rhodos, Korfu... Die sch\u00f6nsten griechischen Inseln erwarten Sie f\u00fcr eine Traumhochzeit in Griechenland!\",\"breadcrumb\":{\"@id\":\"https:\\\/\\\/www.la-crete-autrement.com\\\/de\\\/heiraten-in-griechenland\\\/#breadcrumb\"},\"inLanguage\":\"de\",\"potentialAction\":[{\"@type\":\"ReadAction\",\"target\":[\"https:\\\/\\\/www.la-crete-autrement.com\\\/de\\\/heiraten-in-griechenland\\\/\"]}]},{\"@type\":\"ImageObject\",\"inLanguage\":\"de\",\"@id\":\"https:\\\/\\\/www.la-crete-autrement.com\\\/de\\\/heiraten-in-griechenland\\\/#primaryimage\",\"url\":\"https:\\\/\\\/www.la-crete-autrement.com\\\/wp-content\\\/uploads\\\/2023\\\/07\\\/mariage-grece.jpg\",\"contentUrl\":\"https:\\\/\\\/www.la-crete-autrement.com\\\/wp-content\\\/uploads\\\/2023\\\/07\\\/mariage-grece.jpg\",\"width\":1147,\"height\":768,\"caption\":\"Comment se marier en Gr\u00e8ce ?\"},{\"@type\":\"BreadcrumbList\",\"@id\":\"https:\\\/\\\/www.la-crete-autrement.com\\\/de\\\/heiraten-in-griechenland\\\/#breadcrumb\",\"itemListElement\":[{\"@type\":\"ListItem\",\"position\":1,\"name\":\"Accueil\",\"item\":\"https:\\\/\\\/www.la-crete-autrement.com\\\/de\\\/blog-reisefuehrer-ueber-kreta\\\/\"},{\"@type\":\"ListItem\",\"position\":2,\"name\":\"Warum sollten Sie sich f\u00fcr eine Heirat in Griechenland entscheiden?\"}]},{\"@type\":\"WebSite\",\"@id\":\"https:\\\/\\\/www.la-crete-autrement.com\\\/de\\\/#website\",\"url\":\"https:\\\/\\\/www.la-crete-autrement.com\\\/de\\\/\",\"name\":\"Cr\u00e8te Tourisme : Guide de Voyage\",\"description\":\"La Cr\u00e8te Autrement\",\"publisher\":{\"@id\":\"https:\\\/\\\/www.la-crete-autrement.com\\\/de\\\/#organization\"},\"potentialAction\":[{\"@type\":\"SearchAction\",\"target\":{\"@type\":\"EntryPoint\",\"urlTemplate\":\"https:\\\/\\\/www.la-crete-autrement.com\\\/de\\\/?s={search_term_string}\"},\"query-input\":{\"@type\":\"PropertyValueSpecification\",\"valueRequired\":true,\"valueName\":\"search_term_string\"}}],\"inLanguage\":\"de\"},{\"@type\":\"Organization\",\"@id\":\"https:\\\/\\\/www.la-crete-autrement.com\\\/de\\\/#organization\",\"name\":\"La Cr\u00e8te Autrement\",\"url\":\"https:\\\/\\\/www.la-crete-autrement.com\\\/de\\\/\",\"logo\":{\"@type\":\"ImageObject\",\"inLanguage\":\"de\",\"@id\":\"https:\\\/\\\/www.la-crete-autrement.com\\\/de\\\/#\\\/schema\\\/logo\\\/image\\\/\",\"url\":\"https:\\\/\\\/www.la-crete-autrement.com\\\/wp-content\\\/uploads\\\/2019\\\/04\\\/seitan-limania-plage.jpg\",\"contentUrl\":\"https:\\\/\\\/www.la-crete-autrement.com\\\/wp-content\\\/uploads\\\/2019\\\/04\\\/seitan-limania-plage.jpg\",\"width\":960,\"height\":539,\"caption\":\"La Cr\u00e8te Autrement\"},\"image\":{\"@id\":\"https:\\\/\\\/www.la-crete-autrement.com\\\/de\\\/#\\\/schema\\\/logo\\\/image\\\/\"}}]}<\/script>\n<!-- \/ Yoast SEO plugin. -->","yoast_head_json":{"title":"Heiraten in Griechenland 2024: Tauschen Sie Ihre Gel\u00fcbde im Paradies aus!","description":"Santorini, Mykonos, Kreta, Rhodos, Korfu... Die sch\u00f6nsten griechischen Inseln erwarten Sie f\u00fcr eine Traumhochzeit in Griechenland!","robots":{"index":"index","follow":"follow","max-snippet":"max-snippet:-1","max-image-preview":"max-image-preview:large","max-video-preview":"max-video-preview:-1"},"canonical":"https:\/\/www.la-crete-autrement.com\/de\/heiraten-in-griechenland\/","og_locale":"de_DE","og_type":"article","og_title":"Heiraten in Griechenland 2024: Tauschen Sie Ihre Gel\u00fcbde im Paradies aus!","og_description":"Santorini, Mykonos, Kreta, Rhodos, Korfu... Die sch\u00f6nsten griechischen Inseln erwarten Sie f\u00fcr eine Traumhochzeit in Griechenland!","og_url":"https:\/\/www.la-crete-autrement.com\/de\/heiraten-in-griechenland\/","og_site_name":"Cr\u00e8te Tourisme : Guide de Voyage","article_modified_time":"2023-07-04T14:54:34+00:00","og_image":[{"width":1147,"height":768,"url":"https:\/\/www.la-crete-autrement.com\/wp-content\/uploads\/2023\/07\/mariage-grece.jpg","type":"image\/jpeg"}],"twitter_card":"summary_large_image","twitter_misc":{"Gesch\u00e4tzte Lesezeit":"5\u00a0Minuten"},"schema":{"@context":"https:\/\/schema.org","@graph":[{"@type":"WebPage","@id":"https:\/\/www.la-crete-autrement.com\/de\/heiraten-in-griechenland\/","url":"https:\/\/www.la-crete-autrement.com\/de\/heiraten-in-griechenland\/","name":"Heiraten in Griechenland 2024: Tauschen Sie Ihre Gel\u00fcbde im Paradies aus!","isPartOf":{"@id":"https:\/\/www.la-crete-autrement.com\/de\/#website"},"primaryImageOfPage":{"@id":"https:\/\/www.la-crete-autrement.com\/de\/heiraten-in-griechenland\/#primaryimage"},"image":{"@id":"https:\/\/www.la-crete-autrement.com\/de\/heiraten-in-griechenland\/#primaryimage"},"thumbnailUrl":"https:\/\/www.la-crete-autrement.com\/wp-content\/uploads\/2023\/07\/mariage-grece.jpg","datePublished":"2023-07-04T14:54:31+00:00","dateModified":"2023-07-04T14:54:34+00:00","description":"Santorini, Mykonos, Kreta, Rhodos, Korfu... Die sch\u00f6nsten griechischen Inseln erwarten Sie f\u00fcr eine Traumhochzeit in Griechenland!","breadcrumb":{"@id":"https:\/\/www.la-crete-autrement.com\/de\/heiraten-in-griechenland\/#breadcrumb"},"inLanguage":"de","potentialAction":[{"@type":"ReadAction","target":["https:\/\/www.la-crete-autrement.com\/de\/heiraten-in-griechenland\/"]}]},{"@type":"ImageObject","inLanguage":"de","@id":"https:\/\/www.la-crete-autrement.com\/de\/heiraten-in-griechenland\/#primaryimage","url":"https:\/\/www.la-crete-autrement.com\/wp-content\/uploads\/2023\/07\/mariage-grece.jpg","contentUrl":"https:\/\/www.la-crete-autrement.com\/wp-content\/uploads\/2023\/07\/mariage-grece.jpg","width":1147,"height":768,"caption":"Comment se marier en Gr\u00e8ce ?"},{"@type":"BreadcrumbList","@id":"https:\/\/www.la-crete-autrement.com\/de\/heiraten-in-griechenland\/#breadcrumb","itemListElement":[{"@type":"ListItem","position":1,"name":"Accueil","item":"https:\/\/www.la-crete-autrement.com\/de\/blog-reisefuehrer-ueber-kreta\/"},{"@type":"ListItem","position":2,"name":"Warum sollten Sie sich f\u00fcr eine Heirat in Griechenland entscheiden?"}]},{"@type":"WebSite","@id":"https:\/\/www.la-crete-autrement.com\/de\/#website","url":"https:\/\/www.la-crete-autrement.com\/de\/","name":"Cr\u00e8te Tourisme : Guide de Voyage","description":"La Cr\u00e8te Autrement","publisher":{"@id":"https:\/\/www.la-crete-autrement.com\/de\/#organization"},"potentialAction":[{"@type":"SearchAction","target":{"@type":"EntryPoint","urlTemplate":"https:\/\/www.la-crete-autrement.com\/de\/?s={search_term_string}"},"query-input":{"@type":"PropertyValueSpecification","valueRequired":true,"valueName":"search_term_string"}}],"inLanguage":"de"},{"@type":"Organization","@id":"https:\/\/www.la-crete-autrement.com\/de\/#organization","name":"La Cr\u00e8te Autrement","url":"https:\/\/www.la-crete-autrement.com\/de\/","logo":{"@type":"ImageObject","inLanguage":"de","@id":"https:\/\/www.la-crete-autrement.com\/de\/#\/schema\/logo\/image\/","url":"https:\/\/www.la-crete-autrement.com\/wp-content\/uploads\/2019\/04\/seitan-limania-plage.jpg","contentUrl":"https:\/\/www.la-crete-autrement.com\/wp-content\/uploads\/2019\/04\/seitan-limania-plage.jpg","width":960,"height":539,"caption":"La Cr\u00e8te Autrement"},"image":{"@id":"https:\/\/www.la-crete-autrement.com\/de\/#\/schema\/logo\/image\/"}}]}},"_links":{"self":[{"href":"https:\/\/www.la-crete-autrement.com\/de\/wp-json\/wp\/v2\/pages\/17425","targetHints":{"allow":["GET"]}}],"collection":[{"href":"https:\/\/www.la-crete-autrement.com\/de\/wp-json\/wp\/v2\/pages"}],"about":[{"href":"https:\/\/www.la-crete-autrement.com\/de\/wp-json\/wp\/v2\/types\/page"}],"author":[{"embeddable":true,"href":"https:\/\/www.la-crete-autrement.com\/de\/wp-json\/wp\/v2\/users\/2"}],"replies":[{"embeddable":true,"href":"https:\/\/www.la-crete-autrement.com\/de\/wp-json\/wp\/v2\/comments?post=17425"}],"version-history":[{"count":2,"href":"https:\/\/www.la-crete-autrement.com\/de\/wp-json\/wp\/v2\/pages\/17425\/revisions"}],"predecessor-version":[{"id":17435,"href":"https:\/\/www.la-crete-autrement.com\/de\/wp-json\/wp\/v2\/pages\/17425\/revisions\/17435"}],"wp:featuredmedia":[{"embeddable":true,"href":"https:\/\/www.la-crete-autrement.com\/de\/wp-json\/wp\/v2\/media\/17415"}],"wp:attachment":[{"href":"https:\/\/www.la-crete-autrement.com\/de\/wp-json\/wp\/v2\/media?parent=17425"}],"curies":[{"name":"wp","href":"https:\/\/api.w.org\/{rel}","templated":true}]}}