{"id":17634,"date":"2023-07-28T15:31:20","date_gmt":"2023-07-28T13:31:20","guid":{"rendered":"https:\/\/www.la-crete-autrement.com\/?page_id=17634"},"modified":"2023-08-21T15:41:40","modified_gmt":"2023-08-21T13:41:40","slug":"reiseversicherung","status":"publish","type":"page","link":"https:\/\/www.la-crete-autrement.com\/de\/reiseversicherung\/","title":{"rendered":"Heymondo, das Reiseversicherungsunternehmen, das gerade gelandet ist!"},"content":{"rendered":"<style>.kb-table-of-content-nav.kb-table-of-content-id_c7401d-c5 .kb-table-of-content-wrap{padding-top:var(--global-kb-spacing-sm, 1.5rem);padding-right:var(--global-kb-spacing-sm, 1.5rem);padding-bottom:var(--global-kb-spacing-sm, 1.5rem);padding-left:var(--global-kb-spacing-sm, 1.5rem);background-color:#fcb900;}.kb-table-of-content-nav.kb-table-of-content-id_c7401d-c5 .kb-table-of-contents-title-wrap{color:#000000;}.kb-table-of-content-nav.kb-table-of-content-id_c7401d-c5 .kb-table-of-contents-title{color:#000000;font-size:var(--global-kb-font-size-lg, 2rem);font-weight:regular;font-style:normal;}.kb-table-of-content-nav.kb-table-of-content-id_c7401d-c5 .kb-table-of-content-wrap .kb-table-of-content-list{color:#000000;font-size:var(--global-kb-font-size-md, 1.25rem);font-weight:regular;font-style:normal;text-transform:capitalize;margin-top:var(--global-kb-spacing-sm, 1.5rem);margin-right:0px;margin-bottom:0px;margin-left:0px;}.kb-table-of-content-nav.kb-table-of-content-id_c7401d-c5 .kb-table-of-content-wrap .kb-table-of-content-list .kb-table-of-contents__entry:hover{color:#000000;}.kb-table-of-content-nav.kb-table-of-content-id_c7401d-c5 .kb-toggle-icon-style-basiccircle .kb-table-of-contents-icon-trigger:after, .kb-table-of-content-nav.kb-table-of-content-id_c7401d-c5 .kb-toggle-icon-style-basiccircle .kb-table-of-contents-icon-trigger:before, .kb-table-of-content-nav.kb-table-of-content-id_c7401d-c5 .kb-toggle-icon-style-arrowcircle .kb-table-of-contents-icon-trigger:after, .kb-table-of-content-nav.kb-table-of-content-id_c7401d-c5 .kb-toggle-icon-style-arrowcircle .kb-table-of-contents-icon-trigger:before, .kb-table-of-content-nav.kb-table-of-content-id_c7401d-c5 .kb-toggle-icon-style-xclosecircle .kb-table-of-contents-icon-trigger:after, .kb-table-of-content-nav.kb-table-of-content-id_c7401d-c5 .kb-toggle-icon-style-xclosecircle .kb-table-of-contents-icon-trigger:before{background-color:#fcb900;}<\/style>\n\n\n<div style=\"height:34px\" aria-hidden=\"true\" class=\"wp-block-spacer\"><\/div>\n\n\n\n<p>Weil jede Reise einzigartig ist und auch eine Menge Unvorhergesehenes mit sich bringen kann: Decken Sie <strong>Ihren gesamten Urlaub mit der Heymondo-Reiseversicherung ab<\/strong>! Eine moderne, ma\u00dfgeschneiderte und erschwingliche Reiseversicherung, die wir Ihnen hier vorstellen. Wenn Sie m\u00f6chten, k\u00f6nnen Sie es auf <a href=\"https:\/\/www.la-crete-autrement.com\/de\/\" target=\"_blank\" rel=\"noreferrer noopener\">Kreta<\/a>, in <a href=\"https:\/\/www.la-crete-autrement.com\/de\/inseln-athen-kontinent-wo-kann-man-nach-griechenland-reisen-wenn-man-sich-nicht-auskennt\/\">Griechenland<\/a> und \u00fcberall sonst verwenden.<\/p>\n\n\n\n<h2 class=\"wp-block-heading\">Ma\u00dfgeschneiderte Reiseversicherung mit dem besten Preis-Leistungs-Verh\u00e4ltnis<\/h2>\n\n\n\n<p>Heymondo versteht, wie einzigartig jede Reise ist und verdient eine Versicherung, die auf die speziellen Bed\u00fcrfnisse der Reisenden zugeschnitten ist.<strong> Das Unternehmen bietet ma\u00dfgeschneiderte Versicherungsl\u00f6sungen<\/strong>, die eine hervorragende Qualit\u00e4t zum besten Preis auf dem Markt garantieren. Als vertrauensw\u00fcrdiger Partner ist es ihre Verpflichtung, Ihnen unter allen Umst\u00e4nden zur Seite zu stehen.<\/p>\n\n\n\n<h2 class=\"wp-block-heading\">Berechnen Sie jetzt Ihre Versicherung!<\/h2>\n\n\n\n<p>Verlieren Sie keine Zeit! Erhalten Sie Ihre pers\u00f6nliche Versicherung, indem Sie Ihren Bedarf auf ihrer benutzerfreundlichen Plattform schnell berechnen. Der Anmeldeprozess wird erleichtert, sodass Sie sich nur auf die Aufregung Ihrer n\u00e4chsten Reise konzentrieren m\u00fcssen.<\/p>\n\n\n\n<div style=\"height:23px\" aria-hidden=\"true\" class=\"wp-block-spacer\"><\/div>\n\n\n\n<div class=\"wp-block-buttons is-content-justification-center is-layout-flex wp-container-core-buttons-is-layout-16018d1d wp-block-buttons-is-layout-flex\">\n<div class=\"wp-block-button has-custom-width wp-block-button__width-75 has-custom-font-size has-x-large-font-size\"><a class=\"wp-block-button__link has-background\" href=\"https:\/\/heymondo.com\/?utm_medium=Afiliado&amp;utm_source=LaCreteAutrement&amp;utm_campaign=PRINCIPAL&amp;cod_descuento=LaCreteAutrement&amp;ag_campaign=ASSURANCE-VOYAGE-DE&amp;agencia=m2SORT05HevyLhrKrSeGYy1CmhA7yeyO9jo9NuOk\" style=\"background:radial-gradient(rgb(252,185,0) 0%,rgb(255,105,0) 100%)\" target=\"_blank\" rel=\"noreferrer noopener\"><strong><mark style=\"background-color:rgba(0, 0, 0, 0)\" class=\"has-inline-color has-white-color\">ICH BERECHNE MEINE VERSICHERUNG<\/mark><\/strong><\/a><\/div>\n<\/div>\n\n\n\n<div style=\"height:23px\" aria-hidden=\"true\" class=\"wp-block-spacer\"><\/div>\n\n\n\n<h2 class=\"wp-block-heading\">Reiseversicherung mit umfassender Deckung f\u00fcr Covid<\/h2>\n\n\n\n<p>Die Gesundheitskrise im Zusammenhang mit dem Covid-19 hat uns gelehrt: Eine Reise kann manchmal von einem Tag auf den anderen abgesagt werden&#8230; Aus diesem Grund bietet Heymondo seinen Versicherten einen umfassenden Versicherungsschutz im Falle eines Covids.<\/p>\n\n\n\n<p>Aber das ist noch nicht alles.<\/p>\n\n\n\n<p>F\u00fcr diejenigen, die sich auf ihren Reisen durch die ganze Welt gerne begleitet wissen, sei gesagt, dass die Versicherung einen umfassenden medizinischen Versicherungsschutz bietet, der f\u00fcr jeden Geldbeutel geeignet ist. So k\u00f6nnen Sie beruhigt sein, falls es im Ausland zu gesundheitlichen Problemen kommen sollte.<\/p>\n\n\n\n<h2 class=\"wp-block-heading\">Heymondo: Ein sehr starker Vertrauensindex in Europa<\/h2>\n\n\n\n<p>Heymondo ist zwar gerade erst in Frankreich gelandet, doch das Unternehmen genie\u00dft bereits einen sehr guten Ruf:  <\/p>\n\n\n\n<ul class=\"wp-block-list\"><li>auf den europ\u00e4ischen M\u00e4rkten<strong>(Trustpilot Spanien 4.7\/5 und Trustpilot Italien 4.7\/5<\/strong>)<\/li><li>und internationalen<strong>(Trustpilot 4.5\/5<\/strong>).<\/li><\/ul>\n\n\n\n<h2 class=\"wp-block-heading\">Versicherungen f\u00fcr jede Art von Reisenden<\/h2>\n\n\n\n<h3 class=\"wp-block-heading\">Klassische Reiseversicherung<\/h3>\n\n\n\n<p>Ist Ihre n\u00e4chste Reise in Planung? Entscheiden Sie sich f\u00fcr die klassische Versicherung, die eine Stornierungsoption enth\u00e4lt, damit Sie sich keine Sorgen machen m\u00fcssen.<\/p>\n\n\n\n<h3 class=\"wp-block-heading\">J\u00e4hrliche Multivoyage-Versicherung<\/h3>\n\n\n\n<p>Vielreisende werden ihre Jahresversicherung lieben, die alle Ihre Reisen bis zu jeweils 90 Tagen im Laufe des Jahres abdeckt.<\/p>\n\n\n\n<h3 class=\"wp-block-heading\">Langfristige Reiseversicherung<\/h3>\n\n\n\n<p>F\u00fcr Abenteurer, die ihren Aufenthalt verl\u00e4ngern, bietet ihre Versicherung f\u00fcr Langzeitreisen die Flexibilit\u00e4t, f\u00fcr 90 Tage abzuschlie\u00dfen und die Versicherung je nach Bedarf zu verl\u00e4ngern.<\/p>\n\n\n\n<h3 class=\"wp-block-heading\">Reiser\u00fccktrittsversicherung Allein<\/h3>\n\n\n\n<p>Brauchen Sie einen speziellen Stornierungsschutz? Die Reiser\u00fccktrittsversicherung allein sch\u00fctzt Sie vor bis zu 47 Stornierungsgr\u00fcnden und bietet die M\u00f6glichkeit, eine R\u00fcckerstattung zu erhalten.<\/p>\n\n\n\n<div style=\"height:23px\" aria-hidden=\"true\" class=\"wp-block-spacer\"><\/div>\n\n\n\n<div class=\"wp-block-buttons is-content-justification-center is-layout-flex wp-container-core-buttons-is-layout-16018d1d wp-block-buttons-is-layout-flex\">\n<div class=\"wp-block-button has-custom-width wp-block-button__width-75 has-custom-font-size has-x-large-font-size\"><a class=\"wp-block-button__link has-background\" href=\"heymondo.com\/?utm_medium=Afiliado&amp;utm_source=LaCreteAutrement&amp;utm_campaign=PRINCIPAL&amp;cod_descuento=LaCreteAutrement&amp;ag_campaign=ASSURANCE-VOYAGE-DE&amp;agencia=m2SORT05HevyLhrKrSeGYy1CmhA7yeyO9jo9NuOk\" style=\"background:radial-gradient(rgb(252,185,0) 0%,rgb(255,105,0) 100%)\" target=\"_blank\" rel=\"noreferrer noopener\"><strong><mark style=\"background-color:rgba(0, 0, 0, 0)\" class=\"has-inline-color has-white-color\">ICH W\u00c4HLE MEINE VERSICHERUNG<\/mark><\/strong><\/a><\/div>\n<\/div>\n\n\n\n<div style=\"height:23px\" aria-hidden=\"true\" class=\"wp-block-spacer\"><\/div>\n\n\n\n<h2 class=\"wp-block-heading\">Die Reiseassistenzanwendung<\/h2>\n\n\n\n<p>Nehmen Sie Ihren Heymondo-Partner mit ihrer umfassenden Reiseassistenzanwendung \u00fcberall mit hin. Ein moderner Service also, der sehr beruhigend ist, wenn man durch die Welt reist und seine Versicherung in Reichweite seines Smartphones ist!<\/p>\n\n\n\n<p>Hier ist in Stichpunkten zusammengefasst, was die Heymondo-App f\u00fcr Sie tun kann, wenn Sie auf Reisen sind.<\/p>\n\n\n\n<figure class=\"wp-block-gallery has-nested-images columns-default is-cropped wp-block-gallery-1 is-layout-flex wp-block-gallery-is-layout-flex\">\n<figure class=\"wp-block-image size-large\"><img fetchpriority=\"high\" decoding=\"async\" width=\"400\" height=\"800\" data-id=\"17657\" src=\"https:\/\/www.la-crete-autrement.com\/wp-content\/uploads\/2023\/07\/travel-insurance-heymondo.jpg\" alt=\"\" class=\"wp-image-17657\" srcset=\"https:\/\/www.la-crete-autrement.com\/wp-content\/uploads\/2023\/07\/travel-insurance-heymondo.jpg 400w, https:\/\/www.la-crete-autrement.com\/wp-content\/uploads\/2023\/07\/travel-insurance-heymondo-150x300.jpg 150w\" sizes=\"(max-width: 400px) 100vw, 400px\" \/><\/figure>\n\n\n\n<figure class=\"wp-block-image size-large\"><img decoding=\"async\" width=\"400\" height=\"800\" data-id=\"17653\" src=\"https:\/\/www.la-crete-autrement.com\/wp-content\/uploads\/2023\/07\/heymondo-travel-insurance.jpg\" alt=\"\" class=\"wp-image-17653\" srcset=\"https:\/\/www.la-crete-autrement.com\/wp-content\/uploads\/2023\/07\/heymondo-travel-insurance.jpg 400w, https:\/\/www.la-crete-autrement.com\/wp-content\/uploads\/2023\/07\/heymondo-travel-insurance-150x300.jpg 150w\" sizes=\"(max-width: 400px) 100vw, 400px\" \/><\/figure>\n<\/figure>\n\n\n\n<h3 class=\"wp-block-heading\">1. Kostenlose Supportanrufe<\/h3>\n\n\n\n<p>Wenn Sie Hilfe brauchen, wenden Sie sich an ihr Supportteam \u00fcberall auf der Welt, kostenlos.<\/p>\n\n\n\n<h3 class=\"wp-block-heading\">2. Melden Sie Ihre Vorf\u00e4lle einfach<\/h3>\n\n\n\n<p>Melden Sie Vorf\u00e4lle schnell \u00fcber die App, damit sie schnell und effizient gel\u00f6st werden k\u00f6nnen.<\/p>\n\n\n\n<h3 class=\"wp-block-heading\">3. Alle Ihre Informationen in Reichweite<\/h3>\n\n\n\n<p>Finden Sie alle wichtigen Informationen zu Ihrem Vertrag ganz einfach in der App: Policen, Zertifikate, Kontaktnummern&#8230;<\/p>\n\n\n\n<h2 class=\"wp-block-heading\">Ihr vertrauensw\u00fcrdiger Partner<\/h2>\n\n\n\n<p>Heymondo ist da, um dich auf all deinen Reisen zu begleiten. Egal, ob Sie allein, mit der Familie oder mit Freunden verreisen, die Reiseversicherungen des Unternehmens sorgen f\u00fcr Seelenfrieden und Sicherheit auf jeder Etappe Ihrer Reise. Genie\u00dfen Sie Ihre Erfahrung in vollen Z\u00fcgen, Heymondo passt auf Sie auf!<\/p>\n","protected":false},"excerpt":{"rendered":"<p>Weil jede Reise einzigartig ist und auch eine Menge Unvorhergesehenes mit sich bringen kann: Decken Sie Ihren gesamten Urlaub mit der Heymondo-Reiseversicherung ab! Eine moderne, ma\u00dfgeschneiderte und erschwingliche Reiseversicherung, die wir Ihnen hier vorstellen. Wenn Sie m\u00f6chten, k\u00f6nnen Sie es auf Kreta, in Griechenland und \u00fcberall sonst verwenden. Ma\u00dfgeschneiderte Reiseversicherung mit dem besten Preis-Leistungs-Verh\u00e4ltnis Heymondo [&hellip;]<\/p>\n","protected":false},"author":2,"featured_media":17918,"parent":0,"menu_order":0,"comment_status":"closed","ping_status":"closed","template":"","meta":{"footnotes":""},"class_list":["post-17634","page","type-page","status-publish","has-post-thumbnail"],"yoast_head":"<!-- This site is optimized with the Yoast SEO plugin v27.5 - https:\/\/yoast.com\/product\/yoast-seo-wordpress\/ -->\n<title>Heymondo, das Reiseversicherungsunternehmen, das gerade gelandet ist!<\/title>\n<meta name=\"description\" content=\"Entdecken Sie die Heymondo-Reiseversicherung: brandneu und mit dem besten Preis-Leistungs-Verh\u00e4ltnis f\u00fcr Reisende auf dem Markt!\" \/>\n<meta name=\"robots\" content=\"index, follow, max-snippet:-1, max-image-preview:large, max-video-preview:-1\" \/>\n<link rel=\"canonical\" href=\"https:\/\/www.la-crete-autrement.com\/de\/reiseversicherung\/\" \/>\n<meta property=\"og:locale\" content=\"de_DE\" \/>\n<meta property=\"og:type\" content=\"article\" \/>\n<meta property=\"og:title\" content=\"Heymondo, das Reiseversicherungsunternehmen, das gerade gelandet ist!\" \/>\n<meta property=\"og:description\" content=\"Entdecken Sie die Heymondo-Reiseversicherung: brandneu und mit dem besten Preis-Leistungs-Verh\u00e4ltnis f\u00fcr Reisende auf dem Markt!\" \/>\n<meta property=\"og:url\" content=\"https:\/\/www.la-crete-autrement.com\/de\/reiseversicherung\/\" \/>\n<meta property=\"og:site_name\" content=\"Cr\u00e8te Tourisme : Guide de Voyage\" \/>\n<meta property=\"article:modified_time\" content=\"2023-08-21T13:41:40+00:00\" \/>\n<meta property=\"og:image\" content=\"https:\/\/www.la-crete-autrement.com\/wp-content\/uploads\/2023\/08\/mondo.jpg\" \/>\n\t<meta property=\"og:image:width\" content=\"1152\" \/>\n\t<meta property=\"og:image:height\" content=\"607\" \/>\n\t<meta property=\"og:image:type\" content=\"image\/jpeg\" \/>\n<meta name=\"twitter:card\" content=\"summary_large_image\" \/>\n<meta name=\"twitter:label1\" content=\"Gesch\u00e4tzte Lesezeit\" \/>\n\t<meta name=\"twitter:data1\" content=\"4\u00a0Minuten\" \/>\n<script type=\"application\/ld+json\" class=\"yoast-schema-graph\">{\"@context\":\"https:\\\/\\\/schema.org\",\"@graph\":[{\"@type\":\"WebPage\",\"@id\":\"https:\\\/\\\/www.la-crete-autrement.com\\\/de\\\/reiseversicherung\\\/\",\"url\":\"https:\\\/\\\/www.la-crete-autrement.com\\\/de\\\/reiseversicherung\\\/\",\"name\":\"Heymondo, das Reiseversicherungsunternehmen, das gerade gelandet ist!\",\"isPartOf\":{\"@id\":\"https:\\\/\\\/www.la-crete-autrement.com\\\/de\\\/#website\"},\"primaryImageOfPage\":{\"@id\":\"https:\\\/\\\/www.la-crete-autrement.com\\\/de\\\/reiseversicherung\\\/#primaryimage\"},\"image\":{\"@id\":\"https:\\\/\\\/www.la-crete-autrement.com\\\/de\\\/reiseversicherung\\\/#primaryimage\"},\"thumbnailUrl\":\"https:\\\/\\\/www.la-crete-autrement.com\\\/wp-content\\\/uploads\\\/2023\\\/08\\\/mondo.jpg\",\"datePublished\":\"2023-07-28T13:31:20+00:00\",\"dateModified\":\"2023-08-21T13:41:40+00:00\",\"description\":\"Entdecken Sie die Heymondo-Reiseversicherung: brandneu und mit dem besten Preis-Leistungs-Verh\u00e4ltnis f\u00fcr Reisende auf dem Markt!\",\"breadcrumb\":{\"@id\":\"https:\\\/\\\/www.la-crete-autrement.com\\\/de\\\/reiseversicherung\\\/#breadcrumb\"},\"inLanguage\":\"de\",\"potentialAction\":[{\"@type\":\"ReadAction\",\"target\":[\"https:\\\/\\\/www.la-crete-autrement.com\\\/de\\\/reiseversicherung\\\/\"]}]},{\"@type\":\"ImageObject\",\"inLanguage\":\"de\",\"@id\":\"https:\\\/\\\/www.la-crete-autrement.com\\\/de\\\/reiseversicherung\\\/#primaryimage\",\"url\":\"https:\\\/\\\/www.la-crete-autrement.com\\\/wp-content\\\/uploads\\\/2023\\\/08\\\/mondo.jpg\",\"contentUrl\":\"https:\\\/\\\/www.la-crete-autrement.com\\\/wp-content\\\/uploads\\\/2023\\\/08\\\/mondo.jpg\",\"width\":1152,\"height\":607},{\"@type\":\"BreadcrumbList\",\"@id\":\"https:\\\/\\\/www.la-crete-autrement.com\\\/de\\\/reiseversicherung\\\/#breadcrumb\",\"itemListElement\":[{\"@type\":\"ListItem\",\"position\":1,\"name\":\"Accueil\",\"item\":\"https:\\\/\\\/www.la-crete-autrement.com\\\/de\\\/blog-reisefuehrer-ueber-kreta\\\/\"},{\"@type\":\"ListItem\",\"position\":2,\"name\":\"Heymondo, das Reiseversicherungsunternehmen, das gerade gelandet ist!\"}]},{\"@type\":\"WebSite\",\"@id\":\"https:\\\/\\\/www.la-crete-autrement.com\\\/de\\\/#website\",\"url\":\"https:\\\/\\\/www.la-crete-autrement.com\\\/de\\\/\",\"name\":\"Cr\u00e8te Tourisme : Guide de Voyage\",\"description\":\"La Cr\u00e8te Autrement\",\"publisher\":{\"@id\":\"https:\\\/\\\/www.la-crete-autrement.com\\\/de\\\/#organization\"},\"potentialAction\":[{\"@type\":\"SearchAction\",\"target\":{\"@type\":\"EntryPoint\",\"urlTemplate\":\"https:\\\/\\\/www.la-crete-autrement.com\\\/de\\\/?s={search_term_string}\"},\"query-input\":{\"@type\":\"PropertyValueSpecification\",\"valueRequired\":true,\"valueName\":\"search_term_string\"}}],\"inLanguage\":\"de\"},{\"@type\":\"Organization\",\"@id\":\"https:\\\/\\\/www.la-crete-autrement.com\\\/de\\\/#organization\",\"name\":\"La Cr\u00e8te Autrement\",\"url\":\"https:\\\/\\\/www.la-crete-autrement.com\\\/de\\\/\",\"logo\":{\"@type\":\"ImageObject\",\"inLanguage\":\"de\",\"@id\":\"https:\\\/\\\/www.la-crete-autrement.com\\\/de\\\/#\\\/schema\\\/logo\\\/image\\\/\",\"url\":\"https:\\\/\\\/www.la-crete-autrement.com\\\/wp-content\\\/uploads\\\/2019\\\/04\\\/seitan-limania-plage.jpg\",\"contentUrl\":\"https:\\\/\\\/www.la-crete-autrement.com\\\/wp-content\\\/uploads\\\/2019\\\/04\\\/seitan-limania-plage.jpg\",\"width\":960,\"height\":539,\"caption\":\"La Cr\u00e8te Autrement\"},\"image\":{\"@id\":\"https:\\\/\\\/www.la-crete-autrement.com\\\/de\\\/#\\\/schema\\\/logo\\\/image\\\/\"}}]}<\/script>\n<!-- \/ Yoast SEO plugin. -->","yoast_head_json":{"title":"Heymondo, das Reiseversicherungsunternehmen, das gerade gelandet ist!","description":"Entdecken Sie die Heymondo-Reiseversicherung: brandneu und mit dem besten Preis-Leistungs-Verh\u00e4ltnis f\u00fcr Reisende auf dem Markt!","robots":{"index":"index","follow":"follow","max-snippet":"max-snippet:-1","max-image-preview":"max-image-preview:large","max-video-preview":"max-video-preview:-1"},"canonical":"https:\/\/www.la-crete-autrement.com\/de\/reiseversicherung\/","og_locale":"de_DE","og_type":"article","og_title":"Heymondo, das Reiseversicherungsunternehmen, das gerade gelandet ist!","og_description":"Entdecken Sie die Heymondo-Reiseversicherung: brandneu und mit dem besten Preis-Leistungs-Verh\u00e4ltnis f\u00fcr Reisende auf dem Markt!","og_url":"https:\/\/www.la-crete-autrement.com\/de\/reiseversicherung\/","og_site_name":"Cr\u00e8te Tourisme : Guide de Voyage","article_modified_time":"2023-08-21T13:41:40+00:00","og_image":[{"width":1152,"height":607,"url":"https:\/\/www.la-crete-autrement.com\/wp-content\/uploads\/2023\/08\/mondo.jpg","type":"image\/jpeg"}],"twitter_card":"summary_large_image","twitter_misc":{"Gesch\u00e4tzte Lesezeit":"4\u00a0Minuten"},"schema":{"@context":"https:\/\/schema.org","@graph":[{"@type":"WebPage","@id":"https:\/\/www.la-crete-autrement.com\/de\/reiseversicherung\/","url":"https:\/\/www.la-crete-autrement.com\/de\/reiseversicherung\/","name":"Heymondo, das Reiseversicherungsunternehmen, das gerade gelandet ist!","isPartOf":{"@id":"https:\/\/www.la-crete-autrement.com\/de\/#website"},"primaryImageOfPage":{"@id":"https:\/\/www.la-crete-autrement.com\/de\/reiseversicherung\/#primaryimage"},"image":{"@id":"https:\/\/www.la-crete-autrement.com\/de\/reiseversicherung\/#primaryimage"},"thumbnailUrl":"https:\/\/www.la-crete-autrement.com\/wp-content\/uploads\/2023\/08\/mondo.jpg","datePublished":"2023-07-28T13:31:20+00:00","dateModified":"2023-08-21T13:41:40+00:00","description":"Entdecken Sie die Heymondo-Reiseversicherung: brandneu und mit dem besten Preis-Leistungs-Verh\u00e4ltnis f\u00fcr Reisende auf dem Markt!","breadcrumb":{"@id":"https:\/\/www.la-crete-autrement.com\/de\/reiseversicherung\/#breadcrumb"},"inLanguage":"de","potentialAction":[{"@type":"ReadAction","target":["https:\/\/www.la-crete-autrement.com\/de\/reiseversicherung\/"]}]},{"@type":"ImageObject","inLanguage":"de","@id":"https:\/\/www.la-crete-autrement.com\/de\/reiseversicherung\/#primaryimage","url":"https:\/\/www.la-crete-autrement.com\/wp-content\/uploads\/2023\/08\/mondo.jpg","contentUrl":"https:\/\/www.la-crete-autrement.com\/wp-content\/uploads\/2023\/08\/mondo.jpg","width":1152,"height":607},{"@type":"BreadcrumbList","@id":"https:\/\/www.la-crete-autrement.com\/de\/reiseversicherung\/#breadcrumb","itemListElement":[{"@type":"ListItem","position":1,"name":"Accueil","item":"https:\/\/www.la-crete-autrement.com\/de\/blog-reisefuehrer-ueber-kreta\/"},{"@type":"ListItem","position":2,"name":"Heymondo, das Reiseversicherungsunternehmen, das gerade gelandet ist!"}]},{"@type":"WebSite","@id":"https:\/\/www.la-crete-autrement.com\/de\/#website","url":"https:\/\/www.la-crete-autrement.com\/de\/","name":"Cr\u00e8te Tourisme : Guide de Voyage","description":"La Cr\u00e8te Autrement","publisher":{"@id":"https:\/\/www.la-crete-autrement.com\/de\/#organization"},"potentialAction":[{"@type":"SearchAction","target":{"@type":"EntryPoint","urlTemplate":"https:\/\/www.la-crete-autrement.com\/de\/?s={search_term_string}"},"query-input":{"@type":"PropertyValueSpecification","valueRequired":true,"valueName":"search_term_string"}}],"inLanguage":"de"},{"@type":"Organization","@id":"https:\/\/www.la-crete-autrement.com\/de\/#organization","name":"La Cr\u00e8te Autrement","url":"https:\/\/www.la-crete-autrement.com\/de\/","logo":{"@type":"ImageObject","inLanguage":"de","@id":"https:\/\/www.la-crete-autrement.com\/de\/#\/schema\/logo\/image\/","url":"https:\/\/www.la-crete-autrement.com\/wp-content\/uploads\/2019\/04\/seitan-limania-plage.jpg","contentUrl":"https:\/\/www.la-crete-autrement.com\/wp-content\/uploads\/2019\/04\/seitan-limania-plage.jpg","width":960,"height":539,"caption":"La Cr\u00e8te Autrement"},"image":{"@id":"https:\/\/www.la-crete-autrement.com\/de\/#\/schema\/logo\/image\/"}}]}},"_links":{"self":[{"href":"https:\/\/www.la-crete-autrement.com\/de\/wp-json\/wp\/v2\/pages\/17634","targetHints":{"allow":["GET"]}}],"collection":[{"href":"https:\/\/www.la-crete-autrement.com\/de\/wp-json\/wp\/v2\/pages"}],"about":[{"href":"https:\/\/www.la-crete-autrement.com\/de\/wp-json\/wp\/v2\/types\/page"}],"author":[{"embeddable":true,"href":"https:\/\/www.la-crete-autrement.com\/de\/wp-json\/wp\/v2\/users\/2"}],"replies":[{"embeddable":true,"href":"https:\/\/www.la-crete-autrement.com\/de\/wp-json\/wp\/v2\/comments?post=17634"}],"version-history":[{"count":5,"href":"https:\/\/www.la-crete-autrement.com\/de\/wp-json\/wp\/v2\/pages\/17634\/revisions"}],"predecessor-version":[{"id":17923,"href":"https:\/\/www.la-crete-autrement.com\/de\/wp-json\/wp\/v2\/pages\/17634\/revisions\/17923"}],"wp:featuredmedia":[{"embeddable":true,"href":"https:\/\/www.la-crete-autrement.com\/de\/wp-json\/wp\/v2\/media\/17918"}],"wp:attachment":[{"href":"https:\/\/www.la-crete-autrement.com\/de\/wp-json\/wp\/v2\/media?parent=17634"}],"curies":[{"name":"wp","href":"https:\/\/api.w.org\/{rel}","templated":true}]}}