{"id":14979,"date":"2023-01-23T12:38:21","date_gmt":"2023-01-23T11:38:21","guid":{"rendered":"https:\/\/www.la-crete-autrement.com\/?page_id=14979"},"modified":"2023-01-23T12:38:23","modified_gmt":"2023-01-23T11:38:23","slug":"aviso-legal","status":"publish","type":"page","link":"https:\/\/www.la-crete-autrement.com\/es\/aviso-legal\/","title":{"rendered":"Aviso legal"},"content":{"rendered":"\n<h2 class=\"wp-block-heading\">Editor del sitio web<\/h2>\n\n\n\n<p>Alexandre ROBERT<\/p>\n\n\n\n<p>SIRET : 535 172 415 00023<\/p>\n\n\n\n<p>Microempresa domiciliada en 48 rue Edouard Delanglade 13006 MARSEILLE<\/p>\n\n\n\n<h2 class=\"wp-block-heading\">Alojamiento web<\/h2>\n\n\n\n<p>OVH &#8211; 2 rue kellermann BP 80157 59053 ROUBAIX CEDEX 1 &#8211; Francia &#8211; www.ovh.com<\/p>\n\n\n\n<h2 class=\"wp-block-heading\">Contenido e informaci\u00f3n<\/h2>\n\n\n\n<p>El sitio web www.la-crete-autrement.com ofrece contenidos que se facilitan \u00fanicamente con fines informativos y son responsabilidad exclusiva del autor.<\/p>\n\n\n\n<h2 class=\"wp-block-heading\">Copyright<\/h2>\n\n\n\n<p>Queda prohibida la reproducci\u00f3n, uso y explotaci\u00f3n de fotograf\u00edas, im\u00e1genes, mapas, textos, elementos de dise\u00f1o gr\u00e1fico y, en general, de todos los elementos de la publicaci\u00f3n sin el consentimiento previo del autor. El incumplimiento de esta prohibici\u00f3n constituye una infracci\u00f3n que puede acarrear la responsabilidad civil y penal del infractor.<\/p>\n\n\n\n<h2 class=\"wp-block-heading\">Fotos<\/h2>\n\n\n\n<p>Queda prohibida la reproducci\u00f3n, utilizaci\u00f3n y explotaci\u00f3n de las fotograf\u00edas publicadas en el sitio web www.lesjoyeuxrecycleurs.com sin el consentimiento previo del autor.<\/p>\n\n\n\n<h2 class=\"wp-block-heading\">Enlaces de hipertexto<\/h2>\n\n\n\n<p>La presencia de hiperv\u00ednculos a otros sitios no constituye una garant\u00eda de la calidad de los contenidos ni del buen funcionamiento de dichos sitios. El autor no se hace responsable del contenido de estos sitios. El internauta debe utilizar esta informaci\u00f3n con las precauciones habituales.<\/p>\n\n\n\n<h2 class=\"wp-block-heading\">Google Analytics<\/h2>\n\n\n\n<p>Este sitio web utiliza Google Analytics, un servicio de an\u00e1lisis web de Google Inc. (\u00abGoogle\u00bb). Google Analytics utiliza \u00abcookies\u00bb, que son archivos de texto ubicados en su ordenador, para ayudar al website a analizar el uso que hacen los usuarios del sitio web. La informaci\u00f3n que genera la cookie acerca de su uso del website (incluyendo su direcci\u00f3n IP) ser\u00e1 directamente transmitida y archivada por Google en los servidores de Estados Unidos. Google usar\u00e1 esta informaci\u00f3n por cuenta nuestra con el prop\u00f3sito de seguir la pista de su uso del website, recopilando informes de la actividad del website y prestando otros servicios relacionados con la actividad del website y el uso de Internet. Google podr\u00e1 transmitir dicha informaci\u00f3n a terceros cuando as\u00ed se lo requiera la legislaci\u00f3n, o cuando dichos terceros procesen la informaci\u00f3n por cuenta de Google. Google no asociar\u00e1 su direcci\u00f3n IP con ning\u00fan otro dato del que disponga Google. Puede desactivar el uso de cookies seleccionando la configuraci\u00f3n adecuada en su navegador. Sin embargo, dicha desactivaci\u00f3n puede impedir el uso de determinadas funciones de este sitio. Al utilizar este website Usted consiente el tratamiento de informaci\u00f3n acerca de Usted por Google en la forma y para los fines arriba indicados.<\/p>\n","protected":false},"excerpt":{"rendered":"<p>Editor del sitio web Alexandre ROBERT SIRET : 535 172 415 00023 Microempresa domiciliada en 48 rue Edouard Delanglade 13006 MARSEILLE Alojamiento web OVH &#8211; 2 rue kellermann BP 80157 59053 ROUBAIX CEDEX 1 &#8211; Francia &#8211; www.ovh.com Contenido e informaci\u00f3n El sitio web www.la-crete-autrement.com ofrece contenidos que se facilitan \u00fanicamente con fines informativos y [&hellip;]<\/p>\n","protected":false},"author":2,"featured_media":0,"parent":0,"menu_order":0,"comment_status":"closed","ping_status":"closed","template":"","meta":{"footnotes":""},"class_list":["post-14979","page","type-page","status-publish"],"yoast_head":"<!-- This site is optimized with the Yoast SEO plugin v27.3 - https:\/\/yoast.com\/product\/yoast-seo-wordpress\/ -->\n<title>Aviso legal<\/title>\n<meta name=\"robots\" content=\"index, follow, max-snippet:-1, max-image-preview:large, max-video-preview:-1\" \/>\n<link rel=\"canonical\" href=\"https:\/\/www.la-crete-autrement.com\/es\/aviso-legal\/\" \/>\n<meta property=\"og:locale\" content=\"es_ES\" \/>\n<meta property=\"og:type\" content=\"article\" \/>\n<meta property=\"og:title\" content=\"Aviso legal\" \/>\n<meta property=\"og:description\" content=\"Editor del sitio web Alexandre ROBERT SIRET : 535 172 415 00023 Microempresa domiciliada en 48 rue Edouard Delanglade 13006 MARSEILLE Alojamiento web OVH &#8211; 2 rue kellermann BP 80157 59053 ROUBAIX CEDEX 1 &#8211; Francia &#8211; www.ovh.com Contenido e informaci\u00f3n El sitio web www.la-crete-autrement.com ofrece contenidos que se facilitan \u00fanicamente con fines informativos y [&hellip;]\" \/>\n<meta property=\"og:url\" content=\"https:\/\/www.la-crete-autrement.com\/es\/aviso-legal\/\" \/>\n<meta property=\"og:site_name\" content=\"Cr\u00e8te Tourisme : Guide de Voyage\" \/>\n<meta property=\"article:modified_time\" content=\"2023-01-23T11:38:23+00:00\" \/>\n<meta name=\"twitter:card\" content=\"summary_large_image\" \/>\n<meta name=\"twitter:label1\" content=\"Tiempo de lectura\" \/>\n\t<meta name=\"twitter:data1\" content=\"2 minutos\" \/>\n<script type=\"application\/ld+json\" class=\"yoast-schema-graph\">{\"@context\":\"https:\\\/\\\/schema.org\",\"@graph\":[{\"@type\":\"WebPage\",\"@id\":\"https:\\\/\\\/www.la-crete-autrement.com\\\/es\\\/aviso-legal\\\/\",\"url\":\"https:\\\/\\\/www.la-crete-autrement.com\\\/es\\\/aviso-legal\\\/\",\"name\":\"Aviso legal\",\"isPartOf\":{\"@id\":\"https:\\\/\\\/www.la-crete-autrement.com\\\/es\\\/#website\"},\"datePublished\":\"2023-01-23T11:38:21+00:00\",\"dateModified\":\"2023-01-23T11:38:23+00:00\",\"breadcrumb\":{\"@id\":\"https:\\\/\\\/www.la-crete-autrement.com\\\/es\\\/aviso-legal\\\/#breadcrumb\"},\"inLanguage\":\"es\",\"potentialAction\":[{\"@type\":\"ReadAction\",\"target\":[\"https:\\\/\\\/www.la-crete-autrement.com\\\/es\\\/aviso-legal\\\/\"]}]},{\"@type\":\"BreadcrumbList\",\"@id\":\"https:\\\/\\\/www.la-crete-autrement.com\\\/es\\\/aviso-legal\\\/#breadcrumb\",\"itemListElement\":[{\"@type\":\"ListItem\",\"position\":1,\"name\":\"Accueil\",\"item\":\"https:\\\/\\\/www.la-crete-autrement.com\\\/es\\\/blog-y-guia-de-viaje-de-creta\\\/\"},{\"@type\":\"ListItem\",\"position\":2,\"name\":\"Aviso legal\"}]},{\"@type\":\"WebSite\",\"@id\":\"https:\\\/\\\/www.la-crete-autrement.com\\\/es\\\/#website\",\"url\":\"https:\\\/\\\/www.la-crete-autrement.com\\\/es\\\/\",\"name\":\"Cr\u00e8te Tourisme : Guide de Voyage\",\"description\":\"La Cr\u00e8te Autrement\",\"publisher\":{\"@id\":\"https:\\\/\\\/www.la-crete-autrement.com\\\/es\\\/#organization\"},\"potentialAction\":[{\"@type\":\"SearchAction\",\"target\":{\"@type\":\"EntryPoint\",\"urlTemplate\":\"https:\\\/\\\/www.la-crete-autrement.com\\\/es\\\/?s={search_term_string}\"},\"query-input\":{\"@type\":\"PropertyValueSpecification\",\"valueRequired\":true,\"valueName\":\"search_term_string\"}}],\"inLanguage\":\"es\"},{\"@type\":\"Organization\",\"@id\":\"https:\\\/\\\/www.la-crete-autrement.com\\\/es\\\/#organization\",\"name\":\"La Cr\u00e8te Autrement\",\"url\":\"https:\\\/\\\/www.la-crete-autrement.com\\\/es\\\/\",\"logo\":{\"@type\":\"ImageObject\",\"inLanguage\":\"es\",\"@id\":\"https:\\\/\\\/www.la-crete-autrement.com\\\/es\\\/#\\\/schema\\\/logo\\\/image\\\/\",\"url\":\"https:\\\/\\\/www.la-crete-autrement.com\\\/wp-content\\\/uploads\\\/2019\\\/04\\\/seitan-limania-plage.jpg\",\"contentUrl\":\"https:\\\/\\\/www.la-crete-autrement.com\\\/wp-content\\\/uploads\\\/2019\\\/04\\\/seitan-limania-plage.jpg\",\"width\":960,\"height\":539,\"caption\":\"La Cr\u00e8te Autrement\"},\"image\":{\"@id\":\"https:\\\/\\\/www.la-crete-autrement.com\\\/es\\\/#\\\/schema\\\/logo\\\/image\\\/\"}}]}<\/script>\n<!-- \/ Yoast SEO plugin. -->","yoast_head_json":{"title":"Aviso legal","robots":{"index":"index","follow":"follow","max-snippet":"max-snippet:-1","max-image-preview":"max-image-preview:large","max-video-preview":"max-video-preview:-1"},"canonical":"https:\/\/www.la-crete-autrement.com\/es\/aviso-legal\/","og_locale":"es_ES","og_type":"article","og_title":"Aviso legal","og_description":"Editor del sitio web Alexandre ROBERT SIRET : 535 172 415 00023 Microempresa domiciliada en 48 rue Edouard Delanglade 13006 MARSEILLE Alojamiento web OVH &#8211; 2 rue kellermann BP 80157 59053 ROUBAIX CEDEX 1 &#8211; Francia &#8211; www.ovh.com Contenido e informaci\u00f3n El sitio web www.la-crete-autrement.com ofrece contenidos que se facilitan \u00fanicamente con fines informativos y [&hellip;]","og_url":"https:\/\/www.la-crete-autrement.com\/es\/aviso-legal\/","og_site_name":"Cr\u00e8te Tourisme : Guide de Voyage","article_modified_time":"2023-01-23T11:38:23+00:00","twitter_card":"summary_large_image","twitter_misc":{"Tiempo de lectura":"2 minutos"},"schema":{"@context":"https:\/\/schema.org","@graph":[{"@type":"WebPage","@id":"https:\/\/www.la-crete-autrement.com\/es\/aviso-legal\/","url":"https:\/\/www.la-crete-autrement.com\/es\/aviso-legal\/","name":"Aviso legal","isPartOf":{"@id":"https:\/\/www.la-crete-autrement.com\/es\/#website"},"datePublished":"2023-01-23T11:38:21+00:00","dateModified":"2023-01-23T11:38:23+00:00","breadcrumb":{"@id":"https:\/\/www.la-crete-autrement.com\/es\/aviso-legal\/#breadcrumb"},"inLanguage":"es","potentialAction":[{"@type":"ReadAction","target":["https:\/\/www.la-crete-autrement.com\/es\/aviso-legal\/"]}]},{"@type":"BreadcrumbList","@id":"https:\/\/www.la-crete-autrement.com\/es\/aviso-legal\/#breadcrumb","itemListElement":[{"@type":"ListItem","position":1,"name":"Accueil","item":"https:\/\/www.la-crete-autrement.com\/es\/blog-y-guia-de-viaje-de-creta\/"},{"@type":"ListItem","position":2,"name":"Aviso legal"}]},{"@type":"WebSite","@id":"https:\/\/www.la-crete-autrement.com\/es\/#website","url":"https:\/\/www.la-crete-autrement.com\/es\/","name":"Cr\u00e8te Tourisme : Guide de Voyage","description":"La Cr\u00e8te Autrement","publisher":{"@id":"https:\/\/www.la-crete-autrement.com\/es\/#organization"},"potentialAction":[{"@type":"SearchAction","target":{"@type":"EntryPoint","urlTemplate":"https:\/\/www.la-crete-autrement.com\/es\/?s={search_term_string}"},"query-input":{"@type":"PropertyValueSpecification","valueRequired":true,"valueName":"search_term_string"}}],"inLanguage":"es"},{"@type":"Organization","@id":"https:\/\/www.la-crete-autrement.com\/es\/#organization","name":"La Cr\u00e8te Autrement","url":"https:\/\/www.la-crete-autrement.com\/es\/","logo":{"@type":"ImageObject","inLanguage":"es","@id":"https:\/\/www.la-crete-autrement.com\/es\/#\/schema\/logo\/image\/","url":"https:\/\/www.la-crete-autrement.com\/wp-content\/uploads\/2019\/04\/seitan-limania-plage.jpg","contentUrl":"https:\/\/www.la-crete-autrement.com\/wp-content\/uploads\/2019\/04\/seitan-limania-plage.jpg","width":960,"height":539,"caption":"La Cr\u00e8te Autrement"},"image":{"@id":"https:\/\/www.la-crete-autrement.com\/es\/#\/schema\/logo\/image\/"}}]}},"_links":{"self":[{"href":"https:\/\/www.la-crete-autrement.com\/es\/wp-json\/wp\/v2\/pages\/14979","targetHints":{"allow":["GET"]}}],"collection":[{"href":"https:\/\/www.la-crete-autrement.com\/es\/wp-json\/wp\/v2\/pages"}],"about":[{"href":"https:\/\/www.la-crete-autrement.com\/es\/wp-json\/wp\/v2\/types\/page"}],"author":[{"embeddable":true,"href":"https:\/\/www.la-crete-autrement.com\/es\/wp-json\/wp\/v2\/users\/2"}],"replies":[{"embeddable":true,"href":"https:\/\/www.la-crete-autrement.com\/es\/wp-json\/wp\/v2\/comments?post=14979"}],"version-history":[{"count":2,"href":"https:\/\/www.la-crete-autrement.com\/es\/wp-json\/wp\/v2\/pages\/14979\/revisions"}],"predecessor-version":[{"id":15006,"href":"https:\/\/www.la-crete-autrement.com\/es\/wp-json\/wp\/v2\/pages\/14979\/revisions\/15006"}],"wp:attachment":[{"href":"https:\/\/www.la-crete-autrement.com\/es\/wp-json\/wp\/v2\/media?parent=14979"}],"curies":[{"name":"wp","href":"https:\/\/api.w.org\/{rel}","templated":true}]}}