{"id":17427,"date":"2023-07-04T17:07:06","date_gmt":"2023-07-04T15:07:06","guid":{"rendered":"https:\/\/www.la-crete-autrement.com\/?page_id=17427"},"modified":"2023-07-04T17:07:08","modified_gmt":"2023-07-04T15:07:08","slug":"bodas-en-grecia","status":"publish","type":"page","link":"https:\/\/www.la-crete-autrement.com\/es\/bodas-en-grecia\/","title":{"rendered":"\u00bfPor qu\u00e9 casarse en Grecia?"},"content":{"rendered":"\n<p>Bienvenido al blanco mundo de las <strong>bodas en Grecia<\/strong>, donde sus sue\u00f1os azules cobran vida. Imagine casarse en las playas de arena dorada de <strong>Creta<\/strong>, en el rom\u00e1ntico y pintoresco entorno de <strong>Santorini<\/strong>, en la locura de <strong>Mykonos<\/strong>, la colorida paleta de <strong>Rodas <\/strong>o en los exuberantes jardines de <strong>Corf\u00fa<\/strong>. Cada uno de estos destinos \u00fanicos en Grecia ofrece un impresionante tel\u00f3n de fondo para sellar vuestro amor.<\/p>\n\n\n\n<p>\u00bfEst\u00e1 pensando en <strong>casarse en Grecia<\/strong>? As\u00ed que tenemos que hablar&#8230;<\/p>\n\n\n\n<div style=\"height:30px\" aria-hidden=\"true\" class=\"wp-block-spacer\"><\/div>\n\n\n\n<div class=\"wp-block-buttons is-content-justification-center is-layout-flex wp-container-core-buttons-is-layout-16018d1d wp-block-buttons-is-layout-flex\">\n<div class=\"wp-block-button has-custom-font-size has-large-font-size\"><a class=\"wp-block-button__link has-pale-cyan-blue-background-color has-background\" href=\"https:\/\/www.la-crete-autrement.com\/es\/contacte-con\/\" target=\"_blank\" rel=\"noreferrer noopener\"><strong><mark style=\"background-color:rgba(0, 0, 0, 0)\" class=\"has-inline-color has-white-color\">CONTACTE CON NOSOTROS<\/mark><\/strong><\/a><\/div>\n<\/div>\n\n\n\n<div style=\"height:32px\" aria-hidden=\"true\" class=\"wp-block-spacer\"><\/div>\n\n\n\n<h2 class=\"wp-block-heading\">Bodas en Grecia: unirse bajo la mirada ben\u00e9vola de Zeus, Afrodita y Apolo<\/h2>\n\n\n\n<p>En la b\u00fasqueda de la<strong>boda perfecta en Grecia<\/strong>, estamos aqu\u00ed para guiarle y ayudarle a hacer realidad sus sue\u00f1os. Como entusiastas de las <a href=\"https:\/\/www.la-crete-autrement.com\/es\/cuales-son-las-islas-griegas\/\" target=\"_blank\" rel=\"noreferrer noopener\">islas griegas<\/a> y del pa\u00eds, nuestro objetivo es poner en contacto a parejas como usted con organizadores de bodas de confianza que conocen al dedillo cada rinc\u00f3n de Grecia y est\u00e1n dispuestos a crear una celebraci\u00f3n \u00fanica a su imagen y semejanza.<\/p>\n\n\n\n<h2 class=\"wp-block-heading\">Su boda a medida en Grecia<\/h2>\n\n\n\n<p>Entendemos que cada pareja es \u00fanica, por eso ofrecemos un servicio personalizado, poni\u00e9ndole en contacto con expertos en bodas cualificados y experimentados. Desde una planificaci\u00f3n meticulosa hasta una coordinaci\u00f3n impecable en el gran d\u00eda, le acompa\u00f1ar\u00e1n profesionales apasionados que se asegurar\u00e1n de que <strong>cada momento de su boda en Grecia sea memorable<\/strong>.<\/p>\n\n\n\n<figure class=\"wp-block-embed is-type-video is-provider-youtube wp-block-embed-youtube wp-embed-aspect-16-9 wp-has-aspect-ratio\"><div class=\"wp-block-embed__wrapper\">\n<iframe title=\"Dream Wedding - IOS | Greece\" width=\"1200\" height=\"675\" src=\"https:\/\/www.youtube.com\/embed\/DTjIQMBO7N0?feature=oembed\" frameborder=\"0\" allow=\"accelerometer; autoplay; clipboard-write; encrypted-media; gyroscope; picture-in-picture; web-share\" allowfullscreen><\/iframe>\n<\/div><\/figure>\n\n\n\n<h2 class=\"wp-block-heading\">Reg\u00e1late a ti y a tus invitados la boda m\u00e1s bonita de la historia<\/h2>\n\n\n\n<p>Explore los sublimes paisajes, deguste las renombradas delicias culinarias, emp\u00e1pese de la c\u00e1lida hospitalidad y descubra la riqueza cultural de Grecia. Ponemos a su disposici\u00f3n nuestra red de colaboradores cuidadosamente seleccionados, lugares exclusivos para la celebraci\u00f3n de bodas, servicios de catering de alta gama, fot\u00f3grafos de talento y muchos otros proveedores que har\u00e1n de su boda un acontecimiento extraordinario.<\/p>\n\n\n\n<h2 class=\"wp-block-heading\">P\u00f3ngase en contacto con nosotros<\/h2>\n\n\n\n<p>Para empezar a planificar la boda de sus sue\u00f1os en Grecia, le invitamos a ponerse en contacto con nosotros hoy mismo. Al unirse a nuestra comunidad, se beneficiar\u00e1 de nuestra experiencia, consejos y recomendaciones exclusivas para crear una experiencia \u00fanica que permanecer\u00e1 con usted y sus seres queridos para siempre.<\/p>\n\n\n\n<div style=\"height:36px\" aria-hidden=\"true\" class=\"wp-block-spacer\"><\/div>\n\n\n\n<div class=\"wp-block-buttons is-content-justification-center is-layout-flex wp-container-core-buttons-is-layout-16018d1d wp-block-buttons-is-layout-flex\">\n<div class=\"wp-block-button has-custom-font-size has-large-font-size\"><a class=\"wp-block-button__link has-pale-cyan-blue-background-color has-background\" href=\"https:\/\/www.la-crete-autrement.com\/es\/contacte-con\/\" target=\"_blank\" rel=\"noreferrer noopener\"><strong><mark style=\"background-color:rgba(0, 0, 0, 0)\" class=\"has-inline-color has-white-color\">CONTACTE CON NOSOTROS<\/mark><\/strong><\/a><\/div>\n<\/div>\n\n\n\n<div style=\"height:36px\" aria-hidden=\"true\" class=\"wp-block-spacer\"><\/div>\n\n\n\n<h2 class=\"wp-block-heading\">Bodas en Grecia: una experiencia gastron\u00f3mica y sensorial<\/h2>\n\n\n\n<p>Grecia es famosa por su exquisita cocina mediterr\u00e1nea, y su boda no ser\u00e1 una excepci\u00f3n. Deje que su paladar explore las delicias de la gastronom\u00eda griega, con sus productos frescos y locales, sus sabores atrevidos y sus tradiciones culinarias centenarias. Platos delicados preparados con amor, vinos divinos que fluyen de la copa y postres para hacerse la boca agua. D\u00e9jese llevar por esta divina experiencia gastron\u00f3mica que encantar\u00e1 todos sus sentidos. Una celebraci\u00f3n sensorial en la que cada bocado le transportar\u00e1 a los encantadores aromas de Grecia, invit\u00e1ndole a saborear cada momento de su boda en perfecta armon\u00eda entre comida, cultura y amor compartido.<\/p>\n\n\n\n<h2 class=\"wp-block-heading\">Tradiciones de las bodas griegas<\/h2>\n\n\n\n<figure class=\"wp-block-gallery has-nested-images columns-default is-cropped wp-block-gallery-1 is-layout-flex wp-block-gallery-is-layout-flex\">\n<figure class=\"wp-block-image size-large\"><img fetchpriority=\"high\" decoding=\"async\" width=\"1200\" height=\"800\" data-id=\"102\" src=\"https:\/\/www.la-crete-autrement.com\/wp-content\/uploads\/2018\/12\/sirtaki.jpg\" alt=\"sirtaki\" class=\"wp-image-102\" srcset=\"https:\/\/www.la-crete-autrement.com\/wp-content\/uploads\/2018\/12\/sirtaki.jpg 1200w, https:\/\/www.la-crete-autrement.com\/wp-content\/uploads\/2018\/12\/sirtaki-300x200.jpg 300w, https:\/\/www.la-crete-autrement.com\/wp-content\/uploads\/2018\/12\/sirtaki-768x512.jpg 768w, https:\/\/www.la-crete-autrement.com\/wp-content\/uploads\/2018\/12\/sirtaki-1024x683.jpg 1024w, https:\/\/www.la-crete-autrement.com\/wp-content\/uploads\/2018\/12\/sirtaki-360x240.jpg 360w\" sizes=\"(max-width: 1200px) 100vw, 1200px\" \/><figcaption>\u00a1Practica!<\/figcaption><\/figure>\n\n\n\n<figure class=\"wp-block-image size-large\"><img decoding=\"async\" width=\"728\" height=\"600\" data-id=\"4645\" src=\"https:\/\/www.la-crete-autrement.com\/wp-content\/uploads\/2022\/06\/dolma-cuisine-grecque.png\" alt=\"\u00bfC\u00f3mo cocinar las hojas de parra?\" class=\"wp-image-4645\" srcset=\"https:\/\/www.la-crete-autrement.com\/wp-content\/uploads\/2022\/06\/dolma-cuisine-grecque.png 728w, https:\/\/www.la-crete-autrement.com\/wp-content\/uploads\/2022\/06\/dolma-cuisine-grecque-300x247.png 300w\" sizes=\"(max-width: 728px) 100vw, 728px\" \/><figcaption>Dolma<\/figcaption><\/figure>\n\n\n\n<figure class=\"wp-block-image size-large\"><img decoding=\"async\" width=\"666\" height=\"500\" data-id=\"4643\" src=\"https:\/\/www.la-crete-autrement.com\/wp-content\/uploads\/2022\/06\/souvlaki.png\" alt=\"\u00bfC\u00f3mo hacer souvlaki?\" class=\"wp-image-4643\" srcset=\"https:\/\/www.la-crete-autrement.com\/wp-content\/uploads\/2022\/06\/souvlaki.png 666w, https:\/\/www.la-crete-autrement.com\/wp-content\/uploads\/2022\/06\/souvlaki-300x225.png 300w\" sizes=\"(max-width: 666px) 100vw, 666px\" \/><figcaption>Souvlaki<\/figcaption><\/figure>\n\n\n\n<figure class=\"wp-block-image size-large\"><img loading=\"lazy\" decoding=\"async\" width=\"811\" height=\"491\" data-id=\"4646\" src=\"https:\/\/www.la-crete-autrement.com\/wp-content\/uploads\/2022\/06\/salade-grecque.png\" alt=\"\u00bfC\u00f3mo hacer una ensalada griega?\" class=\"wp-image-4646\" srcset=\"https:\/\/www.la-crete-autrement.com\/wp-content\/uploads\/2022\/06\/salade-grecque.png 811w, https:\/\/www.la-crete-autrement.com\/wp-content\/uploads\/2022\/06\/salade-grecque-300x182.png 300w, https:\/\/www.la-crete-autrement.com\/wp-content\/uploads\/2022\/06\/salade-grecque-768x465.png 768w\" sizes=\"(max-width: 811px) 100vw, 811px\" \/><figcaption>Feta en abundancia<\/figcaption><\/figure>\n<\/figure>\n\n\n\n<p>No hay forma de evitarlo. Al fin y al cabo, por eso ha elegido casarse en el extranjero: para impregnar su uni\u00f3n y su ceremonia de las tradiciones locales.<\/p>\n\n\n\n<p>Esto es lo que puede esperar de una boda griega inolvidable:<\/p>\n\n\n\n<ul class=\"wp-block-list\"><li><strong>La alegre danza sirtaki<\/strong>: prep\u00e1rate para unirte a la cadena de bailarines, cogidos de la mano y dej\u00e1ndote llevar por la animada m\u00fasica. \u00a1Olvida tu timidez y d\u00e9jate llevar!<\/li><li><strong>Rompe platos<\/strong>, pero no tu hucha: una divertida tradici\u00f3n en la que romper platos trae buena suerte y prosperidad. Prep\u00e1rate para desatar tu energ\u00eda lanzando por los aires unos cuantos fragmentos.<\/li><li>Una <strong>org\u00eda culinaria<\/strong>: espere una explosi\u00f3n de sabores mediterr\u00e1neos. Souvlaki, dolmades, baklava y mucho m\u00e1s. Sus papilas gustativas le pedir\u00e1n m\u00e1s.<\/li><li><strong>Ambiente festivo<\/strong>: \u00a1Grecia sabe c\u00f3mo celebrar! Prep\u00e1rese para una fiesta memorable, llena de alegr\u00eda y buen humor. O las lluvias de Raki. Una celebraci\u00f3n en la que bailar toda la noche y crear recuerdos inolvidables.<\/li><\/ul>\n","protected":false},"excerpt":{"rendered":"<p>Bienvenido al blanco mundo de las bodas en Grecia, donde sus sue\u00f1os azules cobran vida. Imagine casarse en las playas de arena dorada de Creta, en el rom\u00e1ntico y pintoresco entorno de Santorini, en la locura de Mykonos, la colorida paleta de Rodas o en los exuberantes jardines de Corf\u00fa. Cada uno de estos destinos [&hellip;]<\/p>\n","protected":false},"author":2,"featured_media":17416,"parent":0,"menu_order":0,"comment_status":"closed","ping_status":"closed","template":"","meta":{"footnotes":""},"class_list":["post-17427","page","type-page","status-publish","has-post-thumbnail"],"yoast_head":"<!-- This site is optimized with the Yoast SEO plugin v27.5 - https:\/\/yoast.com\/product\/yoast-seo-wordpress\/ -->\n<title>Bodas en Grecia 2024: \u00a1Intercambia tus votos en el para\u00edso!<\/title>\n<meta name=\"description\" content=\"Santorini, Mykonos, Creta, Rodas, Corf\u00fa... Las islas griegas m\u00e1s bellas le esperan para celebrar una boda de ensue\u00f1o en Grecia.\" \/>\n<meta name=\"robots\" content=\"index, follow, max-snippet:-1, max-image-preview:large, max-video-preview:-1\" \/>\n<link rel=\"canonical\" href=\"https:\/\/www.la-crete-autrement.com\/es\/bodas-en-grecia\/\" \/>\n<meta property=\"og:locale\" content=\"es_ES\" \/>\n<meta property=\"og:type\" content=\"article\" \/>\n<meta property=\"og:title\" content=\"Bodas en Grecia 2024: \u00a1Intercambia tus votos en el para\u00edso!\" \/>\n<meta property=\"og:description\" content=\"Santorini, Mykonos, Creta, Rodas, Corf\u00fa... Las islas griegas m\u00e1s bellas le esperan para celebrar una boda de ensue\u00f1o en Grecia.\" \/>\n<meta property=\"og:url\" content=\"https:\/\/www.la-crete-autrement.com\/es\/bodas-en-grecia\/\" \/>\n<meta property=\"og:site_name\" content=\"Cr\u00e8te Tourisme : Guide de Voyage\" \/>\n<meta property=\"article:modified_time\" content=\"2023-07-04T15:07:08+00:00\" \/>\n<meta property=\"og:image\" content=\"https:\/\/www.la-crete-autrement.com\/wp-content\/uploads\/2023\/07\/mariage-grece.jpg\" \/>\n\t<meta property=\"og:image:width\" content=\"1147\" \/>\n\t<meta property=\"og:image:height\" content=\"768\" \/>\n\t<meta property=\"og:image:type\" content=\"image\/jpeg\" \/>\n<meta name=\"twitter:card\" content=\"summary_large_image\" \/>\n<meta name=\"twitter:label1\" content=\"Tiempo de lectura\" \/>\n\t<meta name=\"twitter:data1\" content=\"5 minutos\" \/>\n<script type=\"application\/ld+json\" class=\"yoast-schema-graph\">{\"@context\":\"https:\\\/\\\/schema.org\",\"@graph\":[{\"@type\":\"WebPage\",\"@id\":\"https:\\\/\\\/www.la-crete-autrement.com\\\/es\\\/bodas-en-grecia\\\/\",\"url\":\"https:\\\/\\\/www.la-crete-autrement.com\\\/es\\\/bodas-en-grecia\\\/\",\"name\":\"Bodas en Grecia 2024: \u00a1Intercambia tus votos en el para\u00edso!\",\"isPartOf\":{\"@id\":\"https:\\\/\\\/www.la-crete-autrement.com\\\/es\\\/#website\"},\"primaryImageOfPage\":{\"@id\":\"https:\\\/\\\/www.la-crete-autrement.com\\\/es\\\/bodas-en-grecia\\\/#primaryimage\"},\"image\":{\"@id\":\"https:\\\/\\\/www.la-crete-autrement.com\\\/es\\\/bodas-en-grecia\\\/#primaryimage\"},\"thumbnailUrl\":\"https:\\\/\\\/www.la-crete-autrement.com\\\/wp-content\\\/uploads\\\/2023\\\/07\\\/mariage-grece.jpg\",\"datePublished\":\"2023-07-04T15:07:06+00:00\",\"dateModified\":\"2023-07-04T15:07:08+00:00\",\"description\":\"Santorini, Mykonos, Creta, Rodas, Corf\u00fa... Las islas griegas m\u00e1s bellas le esperan para celebrar una boda de ensue\u00f1o en Grecia.\",\"breadcrumb\":{\"@id\":\"https:\\\/\\\/www.la-crete-autrement.com\\\/es\\\/bodas-en-grecia\\\/#breadcrumb\"},\"inLanguage\":\"es\",\"potentialAction\":[{\"@type\":\"ReadAction\",\"target\":[\"https:\\\/\\\/www.la-crete-autrement.com\\\/es\\\/bodas-en-grecia\\\/\"]}]},{\"@type\":\"ImageObject\",\"inLanguage\":\"es\",\"@id\":\"https:\\\/\\\/www.la-crete-autrement.com\\\/es\\\/bodas-en-grecia\\\/#primaryimage\",\"url\":\"https:\\\/\\\/www.la-crete-autrement.com\\\/wp-content\\\/uploads\\\/2023\\\/07\\\/mariage-grece.jpg\",\"contentUrl\":\"https:\\\/\\\/www.la-crete-autrement.com\\\/wp-content\\\/uploads\\\/2023\\\/07\\\/mariage-grece.jpg\",\"width\":1147,\"height\":768,\"caption\":\"Comment se marier en Gr\u00e8ce ?\"},{\"@type\":\"BreadcrumbList\",\"@id\":\"https:\\\/\\\/www.la-crete-autrement.com\\\/es\\\/bodas-en-grecia\\\/#breadcrumb\",\"itemListElement\":[{\"@type\":\"ListItem\",\"position\":1,\"name\":\"Accueil\",\"item\":\"https:\\\/\\\/www.la-crete-autrement.com\\\/es\\\/blog-y-guia-de-viaje-de-creta\\\/\"},{\"@type\":\"ListItem\",\"position\":2,\"name\":\"\u00bfPor qu\u00e9 casarse en Grecia?\"}]},{\"@type\":\"WebSite\",\"@id\":\"https:\\\/\\\/www.la-crete-autrement.com\\\/es\\\/#website\",\"url\":\"https:\\\/\\\/www.la-crete-autrement.com\\\/es\\\/\",\"name\":\"Cr\u00e8te Tourisme : Guide de Voyage\",\"description\":\"La Cr\u00e8te Autrement\",\"publisher\":{\"@id\":\"https:\\\/\\\/www.la-crete-autrement.com\\\/es\\\/#organization\"},\"potentialAction\":[{\"@type\":\"SearchAction\",\"target\":{\"@type\":\"EntryPoint\",\"urlTemplate\":\"https:\\\/\\\/www.la-crete-autrement.com\\\/es\\\/?s={search_term_string}\"},\"query-input\":{\"@type\":\"PropertyValueSpecification\",\"valueRequired\":true,\"valueName\":\"search_term_string\"}}],\"inLanguage\":\"es\"},{\"@type\":\"Organization\",\"@id\":\"https:\\\/\\\/www.la-crete-autrement.com\\\/es\\\/#organization\",\"name\":\"La Cr\u00e8te Autrement\",\"url\":\"https:\\\/\\\/www.la-crete-autrement.com\\\/es\\\/\",\"logo\":{\"@type\":\"ImageObject\",\"inLanguage\":\"es\",\"@id\":\"https:\\\/\\\/www.la-crete-autrement.com\\\/es\\\/#\\\/schema\\\/logo\\\/image\\\/\",\"url\":\"https:\\\/\\\/www.la-crete-autrement.com\\\/wp-content\\\/uploads\\\/2019\\\/04\\\/seitan-limania-plage.jpg\",\"contentUrl\":\"https:\\\/\\\/www.la-crete-autrement.com\\\/wp-content\\\/uploads\\\/2019\\\/04\\\/seitan-limania-plage.jpg\",\"width\":960,\"height\":539,\"caption\":\"La Cr\u00e8te Autrement\"},\"image\":{\"@id\":\"https:\\\/\\\/www.la-crete-autrement.com\\\/es\\\/#\\\/schema\\\/logo\\\/image\\\/\"}}]}<\/script>\n<!-- \/ Yoast SEO plugin. -->","yoast_head_json":{"title":"Bodas en Grecia 2024: \u00a1Intercambia tus votos en el para\u00edso!","description":"Santorini, Mykonos, Creta, Rodas, Corf\u00fa... Las islas griegas m\u00e1s bellas le esperan para celebrar una boda de ensue\u00f1o en Grecia.","robots":{"index":"index","follow":"follow","max-snippet":"max-snippet:-1","max-image-preview":"max-image-preview:large","max-video-preview":"max-video-preview:-1"},"canonical":"https:\/\/www.la-crete-autrement.com\/es\/bodas-en-grecia\/","og_locale":"es_ES","og_type":"article","og_title":"Bodas en Grecia 2024: \u00a1Intercambia tus votos en el para\u00edso!","og_description":"Santorini, Mykonos, Creta, Rodas, Corf\u00fa... Las islas griegas m\u00e1s bellas le esperan para celebrar una boda de ensue\u00f1o en Grecia.","og_url":"https:\/\/www.la-crete-autrement.com\/es\/bodas-en-grecia\/","og_site_name":"Cr\u00e8te Tourisme : Guide de Voyage","article_modified_time":"2023-07-04T15:07:08+00:00","og_image":[{"width":1147,"height":768,"url":"https:\/\/www.la-crete-autrement.com\/wp-content\/uploads\/2023\/07\/mariage-grece.jpg","type":"image\/jpeg"}],"twitter_card":"summary_large_image","twitter_misc":{"Tiempo de lectura":"5 minutos"},"schema":{"@context":"https:\/\/schema.org","@graph":[{"@type":"WebPage","@id":"https:\/\/www.la-crete-autrement.com\/es\/bodas-en-grecia\/","url":"https:\/\/www.la-crete-autrement.com\/es\/bodas-en-grecia\/","name":"Bodas en Grecia 2024: \u00a1Intercambia tus votos en el para\u00edso!","isPartOf":{"@id":"https:\/\/www.la-crete-autrement.com\/es\/#website"},"primaryImageOfPage":{"@id":"https:\/\/www.la-crete-autrement.com\/es\/bodas-en-grecia\/#primaryimage"},"image":{"@id":"https:\/\/www.la-crete-autrement.com\/es\/bodas-en-grecia\/#primaryimage"},"thumbnailUrl":"https:\/\/www.la-crete-autrement.com\/wp-content\/uploads\/2023\/07\/mariage-grece.jpg","datePublished":"2023-07-04T15:07:06+00:00","dateModified":"2023-07-04T15:07:08+00:00","description":"Santorini, Mykonos, Creta, Rodas, Corf\u00fa... Las islas griegas m\u00e1s bellas le esperan para celebrar una boda de ensue\u00f1o en Grecia.","breadcrumb":{"@id":"https:\/\/www.la-crete-autrement.com\/es\/bodas-en-grecia\/#breadcrumb"},"inLanguage":"es","potentialAction":[{"@type":"ReadAction","target":["https:\/\/www.la-crete-autrement.com\/es\/bodas-en-grecia\/"]}]},{"@type":"ImageObject","inLanguage":"es","@id":"https:\/\/www.la-crete-autrement.com\/es\/bodas-en-grecia\/#primaryimage","url":"https:\/\/www.la-crete-autrement.com\/wp-content\/uploads\/2023\/07\/mariage-grece.jpg","contentUrl":"https:\/\/www.la-crete-autrement.com\/wp-content\/uploads\/2023\/07\/mariage-grece.jpg","width":1147,"height":768,"caption":"Comment se marier en Gr\u00e8ce ?"},{"@type":"BreadcrumbList","@id":"https:\/\/www.la-crete-autrement.com\/es\/bodas-en-grecia\/#breadcrumb","itemListElement":[{"@type":"ListItem","position":1,"name":"Accueil","item":"https:\/\/www.la-crete-autrement.com\/es\/blog-y-guia-de-viaje-de-creta\/"},{"@type":"ListItem","position":2,"name":"\u00bfPor qu\u00e9 casarse en Grecia?"}]},{"@type":"WebSite","@id":"https:\/\/www.la-crete-autrement.com\/es\/#website","url":"https:\/\/www.la-crete-autrement.com\/es\/","name":"Cr\u00e8te Tourisme : Guide de Voyage","description":"La Cr\u00e8te Autrement","publisher":{"@id":"https:\/\/www.la-crete-autrement.com\/es\/#organization"},"potentialAction":[{"@type":"SearchAction","target":{"@type":"EntryPoint","urlTemplate":"https:\/\/www.la-crete-autrement.com\/es\/?s={search_term_string}"},"query-input":{"@type":"PropertyValueSpecification","valueRequired":true,"valueName":"search_term_string"}}],"inLanguage":"es"},{"@type":"Organization","@id":"https:\/\/www.la-crete-autrement.com\/es\/#organization","name":"La Cr\u00e8te Autrement","url":"https:\/\/www.la-crete-autrement.com\/es\/","logo":{"@type":"ImageObject","inLanguage":"es","@id":"https:\/\/www.la-crete-autrement.com\/es\/#\/schema\/logo\/image\/","url":"https:\/\/www.la-crete-autrement.com\/wp-content\/uploads\/2019\/04\/seitan-limania-plage.jpg","contentUrl":"https:\/\/www.la-crete-autrement.com\/wp-content\/uploads\/2019\/04\/seitan-limania-plage.jpg","width":960,"height":539,"caption":"La Cr\u00e8te Autrement"},"image":{"@id":"https:\/\/www.la-crete-autrement.com\/es\/#\/schema\/logo\/image\/"}}]}},"_links":{"self":[{"href":"https:\/\/www.la-crete-autrement.com\/es\/wp-json\/wp\/v2\/pages\/17427","targetHints":{"allow":["GET"]}}],"collection":[{"href":"https:\/\/www.la-crete-autrement.com\/es\/wp-json\/wp\/v2\/pages"}],"about":[{"href":"https:\/\/www.la-crete-autrement.com\/es\/wp-json\/wp\/v2\/types\/page"}],"author":[{"embeddable":true,"href":"https:\/\/www.la-crete-autrement.com\/es\/wp-json\/wp\/v2\/users\/2"}],"replies":[{"embeddable":true,"href":"https:\/\/www.la-crete-autrement.com\/es\/wp-json\/wp\/v2\/comments?post=17427"}],"version-history":[{"count":2,"href":"https:\/\/www.la-crete-autrement.com\/es\/wp-json\/wp\/v2\/pages\/17427\/revisions"}],"predecessor-version":[{"id":17437,"href":"https:\/\/www.la-crete-autrement.com\/es\/wp-json\/wp\/v2\/pages\/17427\/revisions\/17437"}],"wp:featuredmedia":[{"embeddable":true,"href":"https:\/\/www.la-crete-autrement.com\/es\/wp-json\/wp\/v2\/media\/17416"}],"wp:attachment":[{"href":"https:\/\/www.la-crete-autrement.com\/es\/wp-json\/wp\/v2\/media?parent=17427"}],"curies":[{"name":"wp","href":"https:\/\/api.w.org\/{rel}","templated":true}]}}